{"id":1935,"date":"2025-07-08T10:45:27","date_gmt":"2025-07-08T10:45:27","guid":{"rendered":"https:\/\/amatci.tresor.gouv.ci\/accueil\/?page_id=1935"},"modified":"2026-04-13T17:51:01","modified_gmt":"2026-04-13T17:51:01","slug":"le-fonds-de-secours-medical","status":"publish","type":"page","link":"https:\/\/amatci.tresor.gouv.ci\/index.php\/nos-prestations\/le-fonds-de-secours-medical\/","title":{"rendered":"LE FONDS DE SECOURS MEDICAL"},"content":{"rendered":"\t\t<div data-elementor-type=\"wp-page\" data-elementor-id=\"1935\" class=\"elementor elementor-1935\">\n\t\t\t\t\t\t<section class=\"elementor-section elementor-top-section elementor-element elementor-element-2c774f8 elementor-section-boxed elementor-section-height-default elementor-section-height-default\" data-id=\"2c774f8\" data-element_type=\"section\">\n\t\t\t\t\t\t<div class=\"elementor-container elementor-column-gap-extended\">\n\t\t\t\t\t<div class=\"elementor-column elementor-col-50 elementor-top-column elementor-element elementor-element-6bc8536 ot-flex-column-vertical\" data-id=\"6bc8536\" data-element_type=\"column\">\n\t\t\t<div class=\"elementor-widget-wrap elementor-element-populated\">\n\t\t\t\t\t\t<div class=\"elementor-element elementor-element-ed430ae elementor-widget elementor-widget-heading\" data-id=\"ed430ae\" data-element_type=\"widget\" data-widget_type=\"heading.default\">\n\t\t\t\t<div class=\"elementor-widget-container\">\n\t\t\t\t\t<h6 class=\"elementor-heading-title elementor-size-default\">Produits et Prestations<\/h6>\t\t\t\t<\/div>\n\t\t\t\t<\/div>\n\t\t\t\t<section class=\"elementor-section elementor-inner-section elementor-element elementor-element-017708c elementor-section-full_width elementor-section-height-default elementor-section-height-default\" data-id=\"017708c\" data-element_type=\"section\">\n\t\t\t\t\t\t<div class=\"elementor-container elementor-column-gap-no\">\n\t\t\t\t\t<div class=\"elementor-column elementor-col-50 elementor-inner-column elementor-element elementor-element-f67d26f ot-flex-column-vertical\" data-id=\"f67d26f\" data-element_type=\"column\">\n\t\t\t<div class=\"elementor-widget-wrap elementor-element-populated\">\n\t\t\t\t\t\t<div class=\"elementor-element elementor-element-977088c widget-title elementor-widget-divider--view-line elementor-widget elementor-widget-divider\" data-id=\"977088c\" data-element_type=\"widget\" data-widget_type=\"divider.default\">\n\t\t\t\t<div class=\"elementor-widget-container\">\n\t\t\t\t\t\t\t<div class=\"elementor-divider\">\n\t\t\t<span class=\"elementor-divider-separator\">\n\t\t\t\t\t\t<\/span>\n\t\t<\/div>\n\t\t\t\t\t\t<\/div>\n\t\t\t\t<\/div>\n\t\t\t\t\t<\/div>\n\t\t<\/div>\n\t\t\t\t<div class=\"elementor-column elementor-col-50 elementor-inner-column elementor-element elementor-element-9348f7e ot-flex-column-vertical\" data-id=\"9348f7e\" data-element_type=\"column\">\n\t\t\t<div class=\"elementor-widget-wrap elementor-element-populated\">\n\t\t\t\t\t\t<div class=\"elementor-element elementor-element-786190f elementor-widget-divider--view-line elementor-widget elementor-widget-divider\" data-id=\"786190f\" data-element_type=\"widget\" data-widget_type=\"divider.default\">\n\t\t\t\t<div class=\"elementor-widget-container\">\n\t\t\t\t\t\t\t<div class=\"elementor-divider\">\n\t\t\t<span class=\"elementor-divider-separator\">\n\t\t\t\t\t\t<\/span>\n\t\t<\/div>\n\t\t\t\t\t\t<\/div>\n\t\t\t\t<\/div>\n\t\t\t\t\t<\/div>\n\t\t<\/div>\n\t\t\t\t\t<\/div>\n\t\t<\/section>\n\t\t\t\t<div class=\"elementor-element elementor-element-343704f elementor-icon-list--layout-traditional elementor-list-item-link-full_width elementor-widget elementor-widget-icon-list\" data-id=\"343704f\" data-element_type=\"widget\" data-widget_type=\"icon-list.default\">\n\t\t\t\t<div class=\"elementor-widget-container\">\n\t\t\t\t\t\t\t<ul class=\"elementor-icon-list-items\">\n\t\t\t\t\t\t\t<li class=\"elementor-icon-list-item\">\n\t\t\t\t\t\t\t\t\t\t\t<a href=\"https:\/\/amatci.tresor.gouv.ci\/index.php\/nos-prestations\/amat-ci-sante-du-retraite\/\">\n\n\t\t\t\t\t\t\t\t\t\t\t\t<span class=\"elementor-icon-list-icon\">\n\t\t\t\t\t\t\t<svg xmlns=\"http:\/\/www.w3.org\/2000\/svg\" xmlns:xlink=\"http:\/\/www.w3.org\/1999\/xlink\" id=\"Capa_1\" x=\"0px\" y=\"0px\" viewBox=\"0 0 29.107 29.107\" style=\"enable-background:new 0 0 29.107 29.107;\" xml:space=\"preserve\"><g>\t<g id=\"c147_full_moon\">\t\t<g>\t\t\t<path d=\"M14.554,0C6.561,0,0,6.562,0,14.552c0,7.996,6.561,14.555,14.554,14.555c7.996,0,14.553-6.559,14.553-14.555    C29.106,6.562,22.55,0,14.554,0z\"><\/path>\t\t<\/g>\t<\/g>\t<g id=\"Capa_1_14_\">\t<\/g><\/g><g><\/g><g><\/g><g><\/g><g><\/g><g><\/g><g><\/g><g><\/g><g><\/g><g><\/g><g><\/g><g><\/g><g><\/g><g><\/g><g><\/g><g><\/g><\/svg>\t\t\t\t\t\t<\/span>\n\t\t\t\t\t\t\t\t\t\t<span class=\"elementor-icon-list-text\">COUVERTURE MALADIE-MATERNIT\u00c9<\/span>\n\t\t\t\t\t\t\t\t\t\t\t<\/a>\n\t\t\t\t\t\t\t\t\t<\/li>\n\t\t\t\t\t\t\t\t<li class=\"elementor-icon-list-item\">\n\t\t\t\t\t\t\t\t\t\t\t<a href=\"https:\/\/amatci.tresor.gouv.ci\/index.php\/nos-prestations\/deces-et-frais-funeraires\/\">\n\n\t\t\t\t\t\t\t\t\t\t\t\t<span class=\"elementor-icon-list-icon\">\n\t\t\t\t\t\t\t<svg xmlns=\"http:\/\/www.w3.org\/2000\/svg\" xmlns:xlink=\"http:\/\/www.w3.org\/1999\/xlink\" id=\"Capa_1\" x=\"0px\" y=\"0px\" viewBox=\"0 0 29.107 29.107\" style=\"enable-background:new 0 0 29.107 29.107;\" xml:space=\"preserve\"><g>\t<g id=\"c147_full_moon\">\t\t<g>\t\t\t<path d=\"M14.554,0C6.561,0,0,6.562,0,14.552c0,7.996,6.561,14.555,14.554,14.555c7.996,0,14.553-6.559,14.553-14.555    C29.106,6.562,22.55,0,14.554,0z\"><\/path>\t\t<\/g>\t<\/g>\t<g id=\"Capa_1_14_\">\t<\/g><\/g><g><\/g><g><\/g><g><\/g><g><\/g><g><\/g><g><\/g><g><\/g><g><\/g><g><\/g><g><\/g><g><\/g><g><\/g><g><\/g><g><\/g><g><\/g><\/svg>\t\t\t\t\t\t<\/span>\n\t\t\t\t\t\t\t\t\t\t<span class=\"elementor-icon-list-text\">CAPITAL D\u00c9C\u00c8S ET FRAIS FUN\u00c9RAIRES<\/span>\n\t\t\t\t\t\t\t\t\t\t\t<\/a>\n\t\t\t\t\t\t\t\t\t<\/li>\n\t\t\t\t\t\t\t\t<li class=\"elementor-icon-list-item\">\n\t\t\t\t\t\t\t\t\t\t\t<a href=\"https:\/\/amatci.tresor.gouv.ci\/index.php\/nos-prestations\/amat-ci-sante-du-retraite\/\">\n\n\t\t\t\t\t\t\t\t\t\t\t\t<span class=\"elementor-icon-list-icon\">\n\t\t\t\t\t\t\t<svg xmlns=\"http:\/\/www.w3.org\/2000\/svg\" xmlns:xlink=\"http:\/\/www.w3.org\/1999\/xlink\" id=\"Capa_1\" x=\"0px\" y=\"0px\" viewBox=\"0 0 29.107 29.107\" style=\"enable-background:new 0 0 29.107 29.107;\" xml:space=\"preserve\"><g>\t<g id=\"c147_full_moon\">\t\t<g>\t\t\t<path d=\"M14.554,0C6.561,0,0,6.562,0,14.552c0,7.996,6.561,14.555,14.554,14.555c7.996,0,14.553-6.559,14.553-14.555    C29.106,6.562,22.55,0,14.554,0z\"><\/path>\t\t<\/g>\t<\/g>\t<g id=\"Capa_1_14_\">\t<\/g><\/g><g><\/g><g><\/g><g><\/g><g><\/g><g><\/g><g><\/g><g><\/g><g><\/g><g><\/g><g><\/g><g><\/g><g><\/g><g><\/g><g><\/g><g><\/g><\/svg>\t\t\t\t\t\t<\/span>\n\t\t\t\t\t\t\t\t\t\t<span class=\"elementor-icon-list-text\">ASSURANCE MALADIE DU RETRAIT\u00c9<\/span>\n\t\t\t\t\t\t\t\t\t\t\t<\/a>\n\t\t\t\t\t\t\t\t\t<\/li>\n\t\t\t\t\t\t<\/ul>\n\t\t\t\t\t\t<\/div>\n\t\t\t\t<\/div>\n\t\t\t\t<div class=\"elementor-element elementor-element-a0bb326 elementor-widget elementor-widget-heading\" data-id=\"a0bb326\" data-element_type=\"widget\" data-widget_type=\"heading.default\">\n\t\t\t\t<div class=\"elementor-widget-container\">\n\t\t\t\t\t<h6 class=\"elementor-heading-title elementor-size-default\">R\u00e8glement Interieur<\/h6>\t\t\t\t<\/div>\n\t\t\t\t<\/div>\n\t\t\t\t<section class=\"elementor-section elementor-inner-section elementor-element elementor-element-f12bdfe elementor-section-full_width elementor-section-height-default elementor-section-height-default\" data-id=\"f12bdfe\" data-element_type=\"section\">\n\t\t\t\t\t\t<div class=\"elementor-container elementor-column-gap-no\">\n\t\t\t\t\t<div class=\"elementor-column elementor-col-50 elementor-inner-column elementor-element elementor-element-1396f28 ot-flex-column-vertical\" data-id=\"1396f28\" data-element_type=\"column\">\n\t\t\t<div class=\"elementor-widget-wrap elementor-element-populated\">\n\t\t\t\t\t\t<div class=\"elementor-element elementor-element-4fa4a55 widget-title elementor-widget-divider--view-line elementor-widget elementor-widget-divider\" data-id=\"4fa4a55\" data-element_type=\"widget\" data-widget_type=\"divider.default\">\n\t\t\t\t<div class=\"elementor-widget-container\">\n\t\t\t\t\t\t\t<div class=\"elementor-divider\">\n\t\t\t<span class=\"elementor-divider-separator\">\n\t\t\t\t\t\t<\/span>\n\t\t<\/div>\n\t\t\t\t\t\t<\/div>\n\t\t\t\t<\/div>\n\t\t\t\t\t<\/div>\n\t\t<\/div>\n\t\t\t\t<div class=\"elementor-column elementor-col-50 elementor-inner-column elementor-element elementor-element-9af4798 ot-flex-column-vertical\" data-id=\"9af4798\" data-element_type=\"column\">\n\t\t\t<div class=\"elementor-widget-wrap elementor-element-populated\">\n\t\t\t\t\t\t<div class=\"elementor-element elementor-element-d4ee160 elementor-widget-divider--view-line elementor-widget elementor-widget-divider\" data-id=\"d4ee160\" data-element_type=\"widget\" data-widget_type=\"divider.default\">\n\t\t\t\t<div class=\"elementor-widget-container\">\n\t\t\t\t\t\t\t<div class=\"elementor-divider\">\n\t\t\t<span class=\"elementor-divider-separator\">\n\t\t\t\t\t\t<\/span>\n\t\t<\/div>\n\t\t\t\t\t\t<\/div>\n\t\t\t\t<\/div>\n\t\t\t\t\t<\/div>\n\t\t<\/div>\n\t\t\t\t\t<\/div>\n\t\t<\/section>\n\t\t\t\t<div class=\"elementor-element elementor-element-60ffced elementor-widget elementor-widget-image\" data-id=\"60ffced\" data-element_type=\"widget\" data-widget_type=\"image.default\">\n\t\t\t\t<div class=\"elementor-widget-container\">\n\t\t\t\t\t\t\t\t\t\t\t\t\t\t\t\t<a href=\"https:\/\/amatci.tresor.gouv.ci\/wp-content\/uploads\/2025\/08\/REGLEMENT-INTERIEUR.pdf\" target=\"_blank\">\n\t\t\t\t\t\t\t<img decoding=\"async\" width=\"269\" height=\"90\" src=\"https:\/\/amatci.tresor.gouv.ci\/wp-content\/uploads\/2025\/07\/Capture-decran-2025-07-08-a-09.35.26.png\" class=\"attachment-full size-full wp-image-1895\" alt=\"\" \/>\t\t\t\t\t\t\t\t<\/a>\n\t\t\t\t\t\t\t\t\t\t\t\t\t\t\t<\/div>\n\t\t\t\t<\/div>\n\t\t\t\t<div class=\"elementor-element elementor-element-b641a8d elementor-widget elementor-widget-heading\" data-id=\"b641a8d\" data-element_type=\"widget\" data-widget_type=\"heading.default\">\n\t\t\t\t<div class=\"elementor-widget-container\">\n\t\t\t\t\t<h6 class=\"elementor-heading-title elementor-size-default\">--------------------------<\/h6>\t\t\t\t<\/div>\n\t\t\t\t<\/div>\n\t\t\t\t<div class=\"elementor-element elementor-element-3fe995c elementor-widget elementor-widget-heading\" data-id=\"3fe995c\" data-element_type=\"widget\" data-widget_type=\"heading.default\">\n\t\t\t\t<div class=\"elementor-widget-container\">\n\t\t\t\t\t<h6 class=\"elementor-heading-title elementor-size-default\">Statuts<\/h6>\t\t\t\t<\/div>\n\t\t\t\t<\/div>\n\t\t\t\t<div class=\"elementor-element elementor-element-a02752f elementor-widget elementor-widget-image\" data-id=\"a02752f\" data-element_type=\"widget\" data-widget_type=\"image.default\">\n\t\t\t\t<div class=\"elementor-widget-container\">\n\t\t\t\t\t\t\t\t\t\t\t\t\t\t\t\t<a href=\"https:\/\/amatci.tresor.gouv.ci\/wp-content\/uploads\/2025\/10\/STATUTS-REVISE-DE-LAMAT-CI-2023.pdf\" target=\"_blank\">\n\t\t\t\t\t\t\t<img decoding=\"async\" width=\"269\" height=\"90\" src=\"https:\/\/amatci.tresor.gouv.ci\/wp-content\/uploads\/2025\/07\/Capture-decran-2025-07-08-a-09.35.26.png\" class=\"attachment-full size-full wp-image-1895\" alt=\"\" \/>\t\t\t\t\t\t\t\t<\/a>\n\t\t\t\t\t\t\t\t\t\t\t\t\t\t\t<\/div>\n\t\t\t\t<\/div>\n\t\t\t\t\t<\/div>\n\t\t<\/div>\n\t\t\t\t<div class=\"elementor-column elementor-col-50 elementor-top-column elementor-element elementor-element-904e2fa ot-flex-column-vertical\" data-id=\"904e2fa\" data-element_type=\"column\">\n\t\t\t<div class=\"elementor-widget-wrap elementor-element-populated\">\n\t\t\t\t\t\t<div class=\"elementor-element elementor-element-d20807b elementor-widget elementor-widget-heading\" data-id=\"d20807b\" data-element_type=\"widget\" data-widget_type=\"heading.default\">\n\t\t\t\t<div class=\"elementor-widget-container\">\n\t\t\t\t\t<h4 class=\"elementor-heading-title elementor-size-default\">Le fonds de secours m\u00e9dical <\/h4>\t\t\t\t<\/div>\n\t\t\t\t<\/div>\n\t\t\t\t<div class=\"elementor-element elementor-element-8974250 elementor-widget elementor-widget-text-editor\" data-id=\"8974250\" data-element_type=\"widget\" data-widget_type=\"text-editor.default\">\n\t\t\t\t<div class=\"elementor-widget-container\">\n\t\t\t\t\t\t\t\t\t<p><span style=\"font-family: 'Calisto MT',serif; mso-bidi-font-family: 'Open Sans'; color: black; mso-themecolor: text1;\">Il existe un plafond annuel de consommation pour chaque membre de la famille.<\/span><\/p><p style=\"margin: 0cm 0cm 0.0001pt; text-align: justify; line-height: 13.8pt; background-image: initial; background-position: initial; background-size: initial; background-repeat: initial; background-attachment: initial; background-origin: initial; background-clip: initial;\"><span style=\"font-family: 'Calisto MT',serif; mso-bidi-font-family: 'Open Sans'; color: black; mso-themecolor: text1;\">Pour les b\u00e9n\u00e9ficiaires ayant un taux de couverture \u00e0 80%, le plafond annuel de consommation par individu est de deux millions cinq cent mille (2.500.000 FCFA).\u00a0<\/span><span style=\"color: black; font-family: 'Calisto MT', serif;\">Pour la cat\u00e9gorie des 90%, le plafond annuel de consommation\u00a0<\/span><span style=\"color: black; font-family: 'Calisto MT', serif;\">est de trois millions de Francs (3.000.000 FCFA).\u00a0<\/span><span style=\"color: black; font-family: 'Calisto MT', serif;\">Lorsque <\/span><span style=\"color: black; font-family: 'Calisto MT', serif;\">ce plafond est atteint, le concern\u00e9 doit \u00eatre r\u00e9f\u00e9r\u00e9 au Fonds de secours <\/span><span style=\"color: black; font-family: 'Calisto MT', serif;\">m\u00e9dical.<\/span><\/p><p style=\"margin: 0cm 0cm 15pt; background-image: initial; background-position: initial; background-size: initial; background-repeat: initial; background-attachment: initial; background-origin: initial; background-clip: initial;\"><span style=\"font-family: 'Calisto MT',serif; mso-bidi-font-family: 'Open Sans'; color: black; mso-themecolor: text1;\">Le Fonds de secours m\u00e9dical est un fonds sp\u00e9cial destin\u00e9 \u00e0 la prise en charge des soins m\u00e9dicaux exceptionnels ou des maladies de longue dur\u00e9e des membres de l\u2019AMAT-CI et de leurs ayants-droit.<\/span><\/p><p style=\"margin: 0cm 0cm 15pt; background-image: initial; background-position: initial; background-size: initial; background-repeat: initial; background-attachment: initial; background-origin: initial; background-clip: initial;\"><span style=\"font-family: 'Calisto MT',serif; mso-bidi-font-family: 'Open Sans'; color: black; mso-themecolor: text1;\">Le Fonds de secours m\u00e9dical est aliment\u00e9 par un pr\u00e9l\u00e8vement de 3% des cotisations annuelles re\u00e7ues par l\u2019AMAT-CI au titre de la maladie.\u00a0<\/span><span style=\"font-family: 'Calisto MT', serif; color: black;\">Les secours sont accord\u00e9s, \u00e0 titre exceptionnel et dans la limite des fonds disponibles, par une Commission cr\u00e9\u00e9e \u00e0 cet effet par le Conseil d\u2019Administration.\u00a0<\/span><span style=\"color: black; font-family: 'Calisto MT', serif;\">Le dossier du requ\u00e9rant doit \u00eatre adress\u00e9 \u00e0 l\u2019Administrateur G\u00e9n\u00e9ral.<\/span><\/p><p style=\"margin: 0cm 0cm 15pt; background-image: initial; background-position: initial; background-size: initial; background-repeat: initial; background-attachment: initial; background-origin: initial; background-clip: initial;\"><span style=\"font-family: 'Calisto MT',serif; mso-bidi-font-family: 'Open Sans'; color: black; mso-themecolor: text1;\">Cependant,\u00a0<\/span>l\u2019\u00e9ligibilit\u00e9 au Fonds est subordonn\u00e9e aux conditions cumulatives ci-apr\u00e8s :<\/p><p style=\"margin: 0cm 0cm 15pt; background-image: initial; background-position: initial; background-size: initial; background-repeat: initial; background-attachment: initial; background-origin: initial; background-clip: initial;\"><span style=\"color: black; font-family: 'Calisto MT', serif; text-align: justify; text-indent: -18pt;\">&#8211; \u00e9puisement de la consommation annuelle autoris\u00e9e ;<\/span><\/p><p style=\"margin: 0cm 0cm 15pt; background-image: initial; background-position: initial; background-size: initial; background-repeat: initial; background-attachment: initial; background-origin: initial; background-clip: initial;\"><span style=\"color: black; font-family: 'Calisto MT', serif; text-indent: -18pt; text-align: justify;\">&#8211; comportement irr\u00e9prochable du demandeur dans l\u2019utilisation de la couverture maladie ;<\/span><\/p><p style=\"margin: 0cm 0cm 15pt; background-image: initial; background-position: initial; background-size: initial; background-repeat: initial; background-attachment: initial; background-origin: initial; background-clip: initial;\"><span style=\"color: black; font-family: 'Calisto MT', serif; text-align: justify; text-indent: -18pt;\">&#8211; couverture par l\u2019AMAT-CI de la pathologie en cause ;<\/span><\/p><p style=\"margin: 0cm 0cm 15pt; background-image: initial; background-position: initial; background-size: initial; background-repeat: initial; background-attachment: initial; background-origin: initial; background-clip: initial;\"><span style=\"color: black; font-family: 'Calisto MT', serif; text-align: justify; text-indent: -18pt;\">&#8211; administration des soins dans une structure de sant\u00e9 agr\u00e9\u00e9e par l\u2019AMAT-CI ;<\/span><\/p><p style=\"margin: 0cm 0cm 15pt; background-image: initial; background-position: initial; background-size: initial; background-repeat: initial; background-attachment: initial; background-origin: initial; background-clip: initial;\"><span style=\"color: black; font-family: 'Calisto MT', serif; text-indent: -18pt;\">&#8211; disponibilit\u00e9s financi\u00e8res du Fonds.\u00a0<\/span><\/p>\t\t\t\t\t\t\t\t<\/div>\n\t\t\t\t<\/div>\n\t\t\t\t\t<\/div>\n\t\t<\/div>\n\t\t\t\t\t<\/div>\n\t\t<\/section>\n\t\t\t\t<\/div>\n\t\t","protected":false},"excerpt":{"rendered":"<p>Produits et Prestations COUVERTURE MALADIE-MATERNIT\u00c9 CAPITAL D\u00c9C\u00c8S ET FRAIS FUN\u00c9RAIRES ASSURANCE MALADIE DU RETRAIT\u00c9 R\u00e8glement Interieur &#8212;&#8212;&#8212;&#8212;&#8212;&#8212;&#8212;&#8212;&#8211; Statuts Le fonds de secours m\u00e9dical Il existe un plafond annuel de consommation pour chaque membre de la famille. Pour les b\u00e9n\u00e9ficiaires ayant un taux de couverture \u00e0 80%, le plafond annuel de consommation par individu est de [&hellip;]<\/p>\n","protected":false},"author":1,"featured_media":2976,"parent":868,"menu_order":0,"comment_status":"closed","ping_status":"closed","template":"","meta":{"footnotes":""},"class_list":["post-1935","page","type-page","status-publish","has-post-thumbnail","hentry"],"_links":{"self":[{"href":"https:\/\/amatci.tresor.gouv.ci\/index.php\/wp-json\/wp\/v2\/pages\/1935","targetHints":{"allow":["GET"]}}],"collection":[{"href":"https:\/\/amatci.tresor.gouv.ci\/index.php\/wp-json\/wp\/v2\/pages"}],"about":[{"href":"https:\/\/amatci.tresor.gouv.ci\/index.php\/wp-json\/wp\/v2\/types\/page"}],"author":[{"embeddable":true,"href":"https:\/\/amatci.tresor.gouv.ci\/index.php\/wp-json\/wp\/v2\/users\/1"}],"replies":[{"embeddable":true,"href":"https:\/\/amatci.tresor.gouv.ci\/index.php\/wp-json\/wp\/v2\/comments?post=1935"}],"version-history":[{"count":63,"href":"https:\/\/amatci.tresor.gouv.ci\/index.php\/wp-json\/wp\/v2\/pages\/1935\/revisions"}],"predecessor-version":[{"id":3027,"href":"https:\/\/amatci.tresor.gouv.ci\/index.php\/wp-json\/wp\/v2\/pages\/1935\/revisions\/3027"}],"up":[{"embeddable":true,"href":"https:\/\/amatci.tresor.gouv.ci\/index.php\/wp-json\/wp\/v2\/pages\/868"}],"wp:featuredmedia":[{"embeddable":true,"href":"https:\/\/amatci.tresor.gouv.ci\/index.php\/wp-json\/wp\/v2\/media\/2976"}],"wp:attachment":[{"href":"https:\/\/amatci.tresor.gouv.ci\/index.php\/wp-json\/wp\/v2\/media?parent=1935"}],"curies":[{"name":"wp","href":"https:\/\/api.w.org\/{rel}","templated":true}]}}