{"id":1950,"date":"2025-07-08T11:09:11","date_gmt":"2025-07-08T11:09:11","guid":{"rendered":"https:\/\/amatci.tresor.gouv.ci\/accueil\/?page_id=1950"},"modified":"2026-04-13T17:49:41","modified_gmt":"2026-04-13T17:49:41","slug":"amat-ci-sante-du-retraite","status":"publish","type":"page","link":"https:\/\/amatci.tresor.gouv.ci\/index.php\/nos-prestations\/amat-ci-sante-du-retraite\/","title":{"rendered":"ASSURANCE MALADIE DU RETRAIT\u00c9"},"content":{"rendered":"\t\t<div data-elementor-type=\"wp-page\" data-elementor-id=\"1950\" class=\"elementor elementor-1950\">\n\t\t\t\t\t\t<section class=\"elementor-section elementor-top-section elementor-element elementor-element-2c774f8 elementor-section-boxed elementor-section-height-default elementor-section-height-default\" data-id=\"2c774f8\" data-element_type=\"section\">\n\t\t\t\t\t\t<div class=\"elementor-container elementor-column-gap-extended\">\n\t\t\t\t\t<div class=\"elementor-column elementor-col-50 elementor-top-column elementor-element elementor-element-6bc8536 ot-flex-column-vertical\" data-id=\"6bc8536\" data-element_type=\"column\">\n\t\t\t<div class=\"elementor-widget-wrap elementor-element-populated\">\n\t\t\t\t\t\t<div class=\"elementor-element elementor-element-ed430ae elementor-widget elementor-widget-heading\" data-id=\"ed430ae\" data-element_type=\"widget\" data-widget_type=\"heading.default\">\n\t\t\t\t<div class=\"elementor-widget-container\">\n\t\t\t\t\t<h6 class=\"elementor-heading-title elementor-size-default\">Produits et Prestations<\/h6>\t\t\t\t<\/div>\n\t\t\t\t<\/div>\n\t\t\t\t<section class=\"elementor-section elementor-inner-section elementor-element elementor-element-017708c elementor-section-full_width elementor-section-height-default elementor-section-height-default\" data-id=\"017708c\" data-element_type=\"section\">\n\t\t\t\t\t\t<div class=\"elementor-container elementor-column-gap-no\">\n\t\t\t\t\t<div class=\"elementor-column elementor-col-50 elementor-inner-column elementor-element elementor-element-f67d26f ot-flex-column-vertical\" data-id=\"f67d26f\" data-element_type=\"column\">\n\t\t\t<div class=\"elementor-widget-wrap elementor-element-populated\">\n\t\t\t\t\t\t<div class=\"elementor-element elementor-element-977088c widget-title elementor-widget-divider--view-line elementor-widget elementor-widget-divider\" data-id=\"977088c\" data-element_type=\"widget\" data-widget_type=\"divider.default\">\n\t\t\t\t<div class=\"elementor-widget-container\">\n\t\t\t\t\t\t\t<div class=\"elementor-divider\">\n\t\t\t<span class=\"elementor-divider-separator\">\n\t\t\t\t\t\t<\/span>\n\t\t<\/div>\n\t\t\t\t\t\t<\/div>\n\t\t\t\t<\/div>\n\t\t\t\t\t<\/div>\n\t\t<\/div>\n\t\t\t\t<div class=\"elementor-column elementor-col-50 elementor-inner-column elementor-element elementor-element-9348f7e ot-flex-column-vertical\" data-id=\"9348f7e\" data-element_type=\"column\">\n\t\t\t<div class=\"elementor-widget-wrap elementor-element-populated\">\n\t\t\t\t\t\t<div class=\"elementor-element elementor-element-786190f elementor-widget-divider--view-line elementor-widget elementor-widget-divider\" data-id=\"786190f\" data-element_type=\"widget\" data-widget_type=\"divider.default\">\n\t\t\t\t<div class=\"elementor-widget-container\">\n\t\t\t\t\t\t\t<div class=\"elementor-divider\">\n\t\t\t<span class=\"elementor-divider-separator\">\n\t\t\t\t\t\t<\/span>\n\t\t<\/div>\n\t\t\t\t\t\t<\/div>\n\t\t\t\t<\/div>\n\t\t\t\t\t<\/div>\n\t\t<\/div>\n\t\t\t\t\t<\/div>\n\t\t<\/section>\n\t\t\t\t<div class=\"elementor-element elementor-element-343704f elementor-icon-list--layout-traditional elementor-list-item-link-full_width elementor-widget elementor-widget-icon-list\" data-id=\"343704f\" data-element_type=\"widget\" data-widget_type=\"icon-list.default\">\n\t\t\t\t<div class=\"elementor-widget-container\">\n\t\t\t\t\t\t\t<ul class=\"elementor-icon-list-items\">\n\t\t\t\t\t\t\t<li class=\"elementor-icon-list-item\">\n\t\t\t\t\t\t\t\t\t\t\t<a href=\"https:\/\/amatci.tresor.gouv.ci\/index.php\/nos-prestations\/la-couverture-maladie-maternite\/\">\n\n\t\t\t\t\t\t\t\t\t\t\t\t<span class=\"elementor-icon-list-icon\">\n\t\t\t\t\t\t\t<svg xmlns=\"http:\/\/www.w3.org\/2000\/svg\" xmlns:xlink=\"http:\/\/www.w3.org\/1999\/xlink\" id=\"Capa_1\" x=\"0px\" y=\"0px\" viewBox=\"0 0 29.107 29.107\" style=\"enable-background:new 0 0 29.107 29.107;\" xml:space=\"preserve\"><g>\t<g id=\"c147_full_moon\">\t\t<g>\t\t\t<path d=\"M14.554,0C6.561,0,0,6.562,0,14.552c0,7.996,6.561,14.555,14.554,14.555c7.996,0,14.553-6.559,14.553-14.555    C29.106,6.562,22.55,0,14.554,0z\"><\/path>\t\t<\/g>\t<\/g>\t<g id=\"Capa_1_14_\">\t<\/g><\/g><g><\/g><g><\/g><g><\/g><g><\/g><g><\/g><g><\/g><g><\/g><g><\/g><g><\/g><g><\/g><g><\/g><g><\/g><g><\/g><g><\/g><g><\/g><\/svg>\t\t\t\t\t\t<\/span>\n\t\t\t\t\t\t\t\t\t\t<span class=\"elementor-icon-list-text\">COUVERTURE MALADIE-MATERNIT\u00c9<\/span>\n\t\t\t\t\t\t\t\t\t\t\t<\/a>\n\t\t\t\t\t\t\t\t\t<\/li>\n\t\t\t\t\t\t\t\t<li class=\"elementor-icon-list-item\">\n\t\t\t\t\t\t\t\t\t\t\t<a href=\"https:\/\/amatci.tresor.gouv.ci\/index.php\/nos-prestations\/le-fonds-de-secours-medical\/\">\n\n\t\t\t\t\t\t\t\t\t\t\t\t<span class=\"elementor-icon-list-icon\">\n\t\t\t\t\t\t\t<svg xmlns=\"http:\/\/www.w3.org\/2000\/svg\" xmlns:xlink=\"http:\/\/www.w3.org\/1999\/xlink\" id=\"Capa_1\" x=\"0px\" y=\"0px\" viewBox=\"0 0 29.107 29.107\" style=\"enable-background:new 0 0 29.107 29.107;\" xml:space=\"preserve\"><g>\t<g id=\"c147_full_moon\">\t\t<g>\t\t\t<path d=\"M14.554,0C6.561,0,0,6.562,0,14.552c0,7.996,6.561,14.555,14.554,14.555c7.996,0,14.553-6.559,14.553-14.555    C29.106,6.562,22.55,0,14.554,0z\"><\/path>\t\t<\/g>\t<\/g>\t<g id=\"Capa_1_14_\">\t<\/g><\/g><g><\/g><g><\/g><g><\/g><g><\/g><g><\/g><g><\/g><g><\/g><g><\/g><g><\/g><g><\/g><g><\/g><g><\/g><g><\/g><g><\/g><g><\/g><\/svg>\t\t\t\t\t\t<\/span>\n\t\t\t\t\t\t\t\t\t\t<span class=\"elementor-icon-list-text\">FONDS DE SECOURS M\u00c9DICAL<\/span>\n\t\t\t\t\t\t\t\t\t\t\t<\/a>\n\t\t\t\t\t\t\t\t\t<\/li>\n\t\t\t\t\t\t\t\t<li class=\"elementor-icon-list-item\">\n\t\t\t\t\t\t\t\t\t\t\t<a href=\"https:\/\/amatci.tresor.gouv.ci\/index.php\/nos-prestations\/deces-et-frais-funeraires\/\">\n\n\t\t\t\t\t\t\t\t\t\t\t\t<span class=\"elementor-icon-list-icon\">\n\t\t\t\t\t\t\t<svg xmlns=\"http:\/\/www.w3.org\/2000\/svg\" xmlns:xlink=\"http:\/\/www.w3.org\/1999\/xlink\" id=\"Capa_1\" x=\"0px\" y=\"0px\" viewBox=\"0 0 29.107 29.107\" style=\"enable-background:new 0 0 29.107 29.107;\" xml:space=\"preserve\"><g>\t<g id=\"c147_full_moon\">\t\t<g>\t\t\t<path d=\"M14.554,0C6.561,0,0,6.562,0,14.552c0,7.996,6.561,14.555,14.554,14.555c7.996,0,14.553-6.559,14.553-14.555    C29.106,6.562,22.55,0,14.554,0z\"><\/path>\t\t<\/g>\t<\/g>\t<g id=\"Capa_1_14_\">\t<\/g><\/g><g><\/g><g><\/g><g><\/g><g><\/g><g><\/g><g><\/g><g><\/g><g><\/g><g><\/g><g><\/g><g><\/g><g><\/g><g><\/g><g><\/g><g><\/g><\/svg>\t\t\t\t\t\t<\/span>\n\t\t\t\t\t\t\t\t\t\t<span class=\"elementor-icon-list-text\">CAPITAL D\u00c9C\u00c8S ET FRAIS FUN\u00c9RAIRES<\/span>\n\t\t\t\t\t\t\t\t\t\t\t<\/a>\n\t\t\t\t\t\t\t\t\t<\/li>\n\t\t\t\t\t\t<\/ul>\n\t\t\t\t\t\t<\/div>\n\t\t\t\t<\/div>\n\t\t\t\t<div class=\"elementor-element elementor-element-a0bb326 elementor-widget elementor-widget-heading\" data-id=\"a0bb326\" data-element_type=\"widget\" data-widget_type=\"heading.default\">\n\t\t\t\t<div class=\"elementor-widget-container\">\n\t\t\t\t\t<h6 class=\"elementor-heading-title elementor-size-default\">R\u00e8glement Interieur<\/h6>\t\t\t\t<\/div>\n\t\t\t\t<\/div>\n\t\t\t\t<section class=\"elementor-section elementor-inner-section elementor-element elementor-element-f12bdfe elementor-section-full_width elementor-section-height-default elementor-section-height-default\" data-id=\"f12bdfe\" data-element_type=\"section\">\n\t\t\t\t\t\t<div class=\"elementor-container elementor-column-gap-no\">\n\t\t\t\t\t<div class=\"elementor-column elementor-col-50 elementor-inner-column elementor-element elementor-element-1396f28 ot-flex-column-vertical\" data-id=\"1396f28\" data-element_type=\"column\">\n\t\t\t<div class=\"elementor-widget-wrap elementor-element-populated\">\n\t\t\t\t\t\t<div class=\"elementor-element elementor-element-4fa4a55 widget-title elementor-widget-divider--view-line elementor-widget elementor-widget-divider\" data-id=\"4fa4a55\" data-element_type=\"widget\" data-widget_type=\"divider.default\">\n\t\t\t\t<div class=\"elementor-widget-container\">\n\t\t\t\t\t\t\t<div class=\"elementor-divider\">\n\t\t\t<span class=\"elementor-divider-separator\">\n\t\t\t\t\t\t<\/span>\n\t\t<\/div>\n\t\t\t\t\t\t<\/div>\n\t\t\t\t<\/div>\n\t\t\t\t\t<\/div>\n\t\t<\/div>\n\t\t\t\t<div class=\"elementor-column elementor-col-50 elementor-inner-column elementor-element elementor-element-9af4798 ot-flex-column-vertical\" data-id=\"9af4798\" data-element_type=\"column\">\n\t\t\t<div class=\"elementor-widget-wrap elementor-element-populated\">\n\t\t\t\t\t\t<div class=\"elementor-element elementor-element-d4ee160 elementor-widget-divider--view-line elementor-widget elementor-widget-divider\" data-id=\"d4ee160\" data-element_type=\"widget\" data-widget_type=\"divider.default\">\n\t\t\t\t<div class=\"elementor-widget-container\">\n\t\t\t\t\t\t\t<div class=\"elementor-divider\">\n\t\t\t<span class=\"elementor-divider-separator\">\n\t\t\t\t\t\t<\/span>\n\t\t<\/div>\n\t\t\t\t\t\t<\/div>\n\t\t\t\t<\/div>\n\t\t\t\t\t<\/div>\n\t\t<\/div>\n\t\t\t\t\t<\/div>\n\t\t<\/section>\n\t\t\t\t<div class=\"elementor-element elementor-element-60ffced elementor-widget elementor-widget-image\" data-id=\"60ffced\" data-element_type=\"widget\" data-widget_type=\"image.default\">\n\t\t\t\t<div class=\"elementor-widget-container\">\n\t\t\t\t\t\t\t\t\t\t\t\t\t\t\t\t<a href=\"https:\/\/amatci.tresor.gouv.ci\/wp-content\/uploads\/2025\/08\/REGLEMENT-INTERIEUR.pdf\" target=\"_blank\">\n\t\t\t\t\t\t\t<img decoding=\"async\" width=\"269\" height=\"90\" src=\"https:\/\/amatci.tresor.gouv.ci\/wp-content\/uploads\/2025\/07\/Capture-decran-2025-07-08-a-09.35.26.png\" class=\"attachment-full size-full wp-image-1895\" alt=\"\" \/>\t\t\t\t\t\t\t\t<\/a>\n\t\t\t\t\t\t\t\t\t\t\t\t\t\t\t<\/div>\n\t\t\t\t<\/div>\n\t\t\t\t<div class=\"elementor-element elementor-element-6abf63d elementor-widget elementor-widget-heading\" data-id=\"6abf63d\" data-element_type=\"widget\" data-widget_type=\"heading.default\">\n\t\t\t\t<div class=\"elementor-widget-container\">\n\t\t\t\t\t<h6 class=\"elementor-heading-title elementor-size-default\">--------------------------<\/h6>\t\t\t\t<\/div>\n\t\t\t\t<\/div>\n\t\t\t\t<div class=\"elementor-element elementor-element-ac26d1a elementor-widget elementor-widget-heading\" data-id=\"ac26d1a\" data-element_type=\"widget\" data-widget_type=\"heading.default\">\n\t\t\t\t<div class=\"elementor-widget-container\">\n\t\t\t\t\t<h6 class=\"elementor-heading-title elementor-size-default\">Statuts<\/h6>\t\t\t\t<\/div>\n\t\t\t\t<\/div>\n\t\t\t\t<div class=\"elementor-element elementor-element-269ba97 elementor-widget elementor-widget-image\" data-id=\"269ba97\" data-element_type=\"widget\" data-widget_type=\"image.default\">\n\t\t\t\t<div class=\"elementor-widget-container\">\n\t\t\t\t\t\t\t\t\t\t\t\t\t\t\t\t<a href=\"https:\/\/amatci.tresor.gouv.ci\/wp-content\/uploads\/2025\/10\/STATUTS-REVISE-DE-LAMAT-CI-2023.pdf\" target=\"_blank\">\n\t\t\t\t\t\t\t<img decoding=\"async\" width=\"269\" height=\"90\" src=\"https:\/\/amatci.tresor.gouv.ci\/wp-content\/uploads\/2025\/07\/Capture-decran-2025-07-08-a-09.35.26.png\" class=\"attachment-full size-full wp-image-1895\" alt=\"\" \/>\t\t\t\t\t\t\t\t<\/a>\n\t\t\t\t\t\t\t\t\t\t\t\t\t\t\t<\/div>\n\t\t\t\t<\/div>\n\t\t\t\t\t<\/div>\n\t\t<\/div>\n\t\t\t\t<div class=\"elementor-column elementor-col-50 elementor-top-column elementor-element elementor-element-904e2fa ot-flex-column-vertical\" data-id=\"904e2fa\" data-element_type=\"column\">\n\t\t\t<div class=\"elementor-widget-wrap elementor-element-populated\">\n\t\t\t\t\t\t<div class=\"elementor-element elementor-element-d20807b elementor-widget elementor-widget-heading\" data-id=\"d20807b\" data-element_type=\"widget\" data-widget_type=\"heading.default\">\n\t\t\t\t<div class=\"elementor-widget-container\">\n\t\t\t\t\t<h4 class=\"elementor-heading-title elementor-size-default\">1-Contexte et justification<\/h4>\t\t\t\t<\/div>\n\t\t\t\t<\/div>\n\t\t\t\t<div class=\"elementor-element elementor-element-8974250 elementor-widget elementor-widget-text-editor\" data-id=\"8974250\" data-element_type=\"widget\" data-widget_type=\"text-editor.default\">\n\t\t\t\t<div class=\"elementor-widget-container\">\n\t\t\t\t\t\t\t\t\t<p>Lors d&rsquo;un message adress\u00e9 au personnel, le Directeur G\u00e9n\u00e9ral du Tr\u00e9sor et de la Comptabilit\u00e9 publique, M. AHOUSSI Arthur Augustin Pascal, a annonc\u00e9 une reforme de l&rsquo;assurance maladie des retrait\u00e9s. Institu\u00e9 en d\u00e9cembre 2020 pour offrir une couverture m\u00e9dicale de 80% ou 90 % aux agents du Tr\u00e9sor durant leur retraite, cette assurance a connu un faible taux d&rsquo;adh\u00e9sion en raison du co\u00fbt jug\u00e9 \u00e9lev\u00e9 des primes.<\/p><p>Pour y rem\u00e9dier, une reflexion conjointe entre la CRAT\u00a0 et l&rsquo;AMAT-CI a \u00e9t\u00e9 engag\u00e9e afin de proposer un nouveau mod\u00e8le fond\u00e9 sur la solidarit\u00e9 interg\u00e9n\u00e9rationnelle, o\u00f9 les agents en activit\u00e9 cotisent davantage. Ce dispositif, baptis\u00e9 &lt;&lt; AMAT-CI ASSURANCE MALADIE DU RETRAITE &gt;&gt;, vise \u00e0 garantir une assurance maladie durable et accessible \u00e0 vie pour les retrait\u00e9s du Tr\u00e9sor Public.<\/p>\t\t\t\t\t\t\t\t<\/div>\n\t\t\t\t<\/div>\n\t\t\t\t<div class=\"elementor-element elementor-element-ec27098 elementor-widget elementor-widget-heading\" data-id=\"ec27098\" data-element_type=\"widget\" data-widget_type=\"heading.default\">\n\t\t\t\t<div class=\"elementor-widget-container\">\n\t\t\t\t\t<h4 class=\"elementor-heading-title elementor-size-default\">2-Comment \u00e7a marche ?<\/h4>\t\t\t\t<\/div>\n\t\t\t\t<\/div>\n\t\t\t\t<div class=\"elementor-element elementor-element-18b9c59 elementor-widget elementor-widget-text-editor\" data-id=\"18b9c59\" data-element_type=\"widget\" data-widget_type=\"text-editor.default\">\n\t\t\t\t<div class=\"elementor-widget-container\">\n\t\t\t\t\t\t\t\t\t<p data-start=\"78\" data-end=\"642\">\u00c0 l\u2019issue des travaux pr\u00e9sent\u00e9s par l\u2019\u00e9quipe technique, le Directeur G\u00e9n\u00e9ral a arr\u00eat\u00e9 plusieurs d\u00e9cisions relatives \u00e0 la nouvelle assurance maladie des retrait\u00e9s du Tr\u00e9sor Public. Dor\u00e9navant, tous les agents b\u00e9n\u00e9ficieront d\u2019une couverture m\u00e9dicale \u00e0 hauteur de 90 % \u00e0 la retraite. La cotisation mensuelle est fix\u00e9e \u00e0 15 000 F CFA pour les agents en activit\u00e9 (soit 45 000 F par trimestre), 6 700 F CFA pour les retrait\u00e9s actuels (20 100 F par trimestre) et 5 000 F CFA pour ceux partant \u00e0 la retraite apr\u00e8s au moins dix ans de cotisation (15 000 F par trimestre).<\/p><p>\u00a0<\/p><p data-start=\"644\" data-end=\"1080\">Les ressources de ce dispositif proviendront \u00e9galement de la contribution de 1 % de la part patronale vers\u00e9e \u00e0 la CRAT pour la retraite compl\u00e9mentaire, ainsi que d\u2019une dotation annuelle de 50 millions F CFA par structure sociale (AMAT-CI, CRAT et FOSAT-CI), pr\u00e9lev\u00e9e sur leurs exc\u00e9dents. Enfin, un Comit\u00e9 d\u2019Investissement sera cr\u00e9\u00e9 afin de d\u00e9finir une politique de placement des r\u00e9serves et garantir la p\u00e9rennit\u00e9 financi\u00e8re du r\u00e9gime.<\/p>\t\t\t\t\t\t\t\t<\/div>\n\t\t\t\t<\/div>\n\t\t\t\t\t<\/div>\n\t\t<\/div>\n\t\t\t\t\t<\/div>\n\t\t<\/section>\n\t\t\t\t<\/div>\n\t\t","protected":false},"excerpt":{"rendered":"<p>Produits et Prestations COUVERTURE MALADIE-MATERNIT\u00c9 FONDS DE SECOURS M\u00c9DICAL CAPITAL D\u00c9C\u00c8S ET FRAIS FUN\u00c9RAIRES R\u00e8glement Interieur &#8212;&#8212;&#8212;&#8212;&#8212;&#8212;&#8212;&#8212;&#8211; Statuts 1-Contexte et justification Lors d&rsquo;un message adress\u00e9 au personnel, le Directeur G\u00e9n\u00e9ral du Tr\u00e9sor et de la Comptabilit\u00e9 publique, M. AHOUSSI Arthur Augustin Pascal, a annonc\u00e9 une reforme de l&rsquo;assurance maladie des retrait\u00e9s. Institu\u00e9 en d\u00e9cembre 2020 [&hellip;]<\/p>\n","protected":false},"author":1,"featured_media":0,"parent":868,"menu_order":0,"comment_status":"closed","ping_status":"closed","template":"","meta":{"footnotes":""},"class_list":["post-1950","page","type-page","status-publish","hentry"],"_links":{"self":[{"href":"https:\/\/amatci.tresor.gouv.ci\/index.php\/wp-json\/wp\/v2\/pages\/1950","targetHints":{"allow":["GET"]}}],"collection":[{"href":"https:\/\/amatci.tresor.gouv.ci\/index.php\/wp-json\/wp\/v2\/pages"}],"about":[{"href":"https:\/\/amatci.tresor.gouv.ci\/index.php\/wp-json\/wp\/v2\/types\/page"}],"author":[{"embeddable":true,"href":"https:\/\/amatci.tresor.gouv.ci\/index.php\/wp-json\/wp\/v2\/users\/1"}],"replies":[{"embeddable":true,"href":"https:\/\/amatci.tresor.gouv.ci\/index.php\/wp-json\/wp\/v2\/comments?post=1950"}],"version-history":[{"count":55,"href":"https:\/\/amatci.tresor.gouv.ci\/index.php\/wp-json\/wp\/v2\/pages\/1950\/revisions"}],"predecessor-version":[{"id":2989,"href":"https:\/\/amatci.tresor.gouv.ci\/index.php\/wp-json\/wp\/v2\/pages\/1950\/revisions\/2989"}],"up":[{"embeddable":true,"href":"https:\/\/amatci.tresor.gouv.ci\/index.php\/wp-json\/wp\/v2\/pages\/868"}],"wp:attachment":[{"href":"https:\/\/amatci.tresor.gouv.ci\/index.php\/wp-json\/wp\/v2\/media?parent=1950"}],"curies":[{"name":"wp","href":"https:\/\/api.w.org\/{rel}","templated":true}]}}