{"id":2049,"date":"2025-08-12T12:36:38","date_gmt":"2025-08-12T12:36:38","guid":{"rendered":"https:\/\/amatci.tresor.gouv.ci\/?page_id=2049"},"modified":"2026-04-28T13:05:25","modified_gmt":"2026-04-28T13:05:25","slug":"exclusions","status":"publish","type":"page","link":"https:\/\/amatci.tresor.gouv.ci\/index.php\/exclusions\/","title":{"rendered":"Nos messages"},"content":{"rendered":"\t\t<div data-elementor-type=\"wp-page\" data-elementor-id=\"2049\" class=\"elementor elementor-2049\">\n\t\t\t\t<div class=\"elementor-element elementor-element-75e486a e-grid e-con-full e-con e-parent\" data-id=\"75e486a\" data-element_type=\"container\">\n\t\t\t\t<div class=\"elementor-element elementor-element-d7bc365 elementor-widget elementor-widget-heading\" data-id=\"d7bc365\" data-element_type=\"widget\" data-widget_type=\"heading.default\">\n\t\t\t\t<div class=\"elementor-widget-container\">\n\t\t\t\t\t<h2 class=\"elementor-heading-title elementor-size-default\">SENSIBILISATIONS<\/h2>\t\t\t\t<\/div>\n\t\t\t\t<\/div>\n\t\t\t\t<div class=\"elementor-element elementor-element-1ffaba8 elementor-widget elementor-widget-heading\" data-id=\"1ffaba8\" data-element_type=\"widget\" data-widget_type=\"heading.default\">\n\t\t\t\t<div class=\"elementor-widget-container\">\n\t\t\t\t\t<h2 class=\"elementor-heading-title elementor-size-default\">SANCTIONS<\/h2>\t\t\t\t<\/div>\n\t\t\t\t<\/div>\n\t\t\t\t<\/div>\n\t\t<div class=\"elementor-element elementor-element-6925272 e-con-full e-flex e-con e-parent\" data-id=\"6925272\" data-element_type=\"container\">\n\t\t<div class=\"elementor-element elementor-element-973ae93 e-con-full e-flex e-con e-child\" data-id=\"973ae93\" data-element_type=\"container\">\n\t\t\t\t<div class=\"elementor-element elementor-element-ef83849 elementor-widget elementor-widget-text-editor\" data-id=\"ef83849\" data-element_type=\"widget\" data-widget_type=\"text-editor.default\">\n\t\t\t\t<div class=\"elementor-widget-container\">\n\t\t\t\t\t\t\t\t\t<ol><li>Les prestations de l\u2019AMAT-CI sont exclusivement r\u00e9serv\u00e9es aux agents du Tr\u00e9sor et leurs ayants droits.<\/li><\/ol><p>\u00c9vitez de pr\u00eater vos cartes\u00a0!<\/p><p><strong>## ensemble, soyons responsables.<\/strong><\/p><ol start=\"2\"><li>la fausse d\u00e9claration est un acte de fraude qui nuit gravement \u00e0 la stabilit\u00e9 et aux performances de notre mutuelle.<\/li><\/ol><p>D\u00e9clarons uniquement nos vrais ayants droits\u00a0!<\/p><p><strong>## ensemble, prot\u00e9geons notre mutuelle.<\/strong><\/p><ol start=\"3\"><li>la surconsommation peut d\u00e9stabiliser notre syst\u00e8me de protection et faire augmenter\u00a0nos cotisations.<\/li><\/ol><p>Utilisons nos cartes de mani\u00e8re sobre et raisonn\u00e9e\u00a0!<\/p><p><strong>## stop aux abus et \u00e0 la surconsommation.<\/strong><\/p>\t\t\t\t\t\t\t\t<\/div>\n\t\t\t\t<\/div>\n\t\t\t\t<div class=\"elementor-element elementor-element-3d5492e elementor-widget elementor-widget-text-editor\" data-id=\"3d5492e\" data-element_type=\"widget\" data-widget_type=\"text-editor.default\">\n\t\t\t\t<div class=\"elementor-widget-container\">\n\t\t\t\t\t\t\t\t\t<ol><li>Quand j&rsquo;utilise ma carte\u00a0MUGEF-CI, l\u2019AMAT-CI me rembourse les frais engages.<\/li><\/ol><ol start=\"2\"><li>AMAT-CI, CMU et MUGEF-CI, ensemble pour r\u00e9duire les charges de sante.\u00a0Ne laissons pas nos remboursements nous \u00e9chapper.<\/li><li>agents du Tr\u00e9sor, utiliser les autres assurances, c\u2019est \u00e9conomiser. Ne n\u00e9gligeons rien.<\/li><li>AMAT-CI, ensemble avec les autres assurances pour r\u00e9duire le cout des prestations<\/li><li>Quand j\u2019utilise ma 2<sup>\u00e8me<\/sup> assurance pour mes soins, je gagne\u00a0!<\/li><\/ol>\t\t\t\t\t\t\t\t<\/div>\n\t\t\t\t<\/div>\n\t\t\t\t<\/div>\n\t\t<div class=\"elementor-element elementor-element-9d2e5b1 e-con-full e-flex e-con e-child\" data-id=\"9d2e5b1\" data-element_type=\"container\">\n\t\t\t\t<div class=\"elementor-element elementor-element-380538e elementor-widget elementor-widget-text-editor\" data-id=\"380538e\" data-element_type=\"widget\" data-widget_type=\"text-editor.default\">\n\t\t\t\t<div class=\"elementor-widget-container\">\n\t\t\t\t\t\t\t\t\t<p><strong>Poursuites<\/strong><\/p><p>Est poursuivi, quiconque sert ind\u00fbment des prestations ou se rend coupable de fraudes ou tente d\u2019obtenir des prestations auxquelles il n\u2019a pas droit.<\/p>\t\t\t\t\t\t\t\t<\/div>\n\t\t\t\t<\/div>\n\t\t\t\t<div class=\"elementor-element elementor-element-6b4565d elementor-widget elementor-widget-text-editor\" data-id=\"6b4565d\" data-element_type=\"widget\" data-widget_type=\"text-editor.default\">\n\t\t\t\t<div class=\"elementor-widget-container\">\n\t\t\t\t\t\t\t\t\t<p><strong>Fraude<\/strong><\/p><p>Sans pr\u00e9judice des poursuites judiciaires, en cas de fraude constat\u00e9e, l\u2019Administrateur G\u00e9n\u00e9ral de l\u2019AMAT-CI prononce la suspension des prestations \u00e0 l\u2019adh\u00e9rent et \u00e0 ses ayants droit, pour une p\u00e9riode de trois (3) mois, assortie du remboursement du montant des sommes ind\u00fbment pay\u00e9es.<\/p><p>Il en informe aussit\u00f4t par courrier le Conseil d\u2019Administration qui a un d\u00e9lai de quinze (15) jours pour se prononcer.<\/p><p>En cas de r\u00e9cidive, la suspension est reconduite pour la m\u00eame p\u00e9riode.<\/p><p>Toute suspension d\u2019un membre b\u00e9n\u00e9ficiaire entra\u00eene celle de ses ayants droit.<\/p>\t\t\t\t\t\t\t\t<\/div>\n\t\t\t\t<\/div>\n\t\t\t\t<div class=\"elementor-element elementor-element-610cf2d elementor-widget elementor-widget-text-editor\" data-id=\"610cf2d\" data-element_type=\"widget\" data-widget_type=\"text-editor.default\">\n\t\t\t\t<div class=\"elementor-widget-container\">\n\t\t\t\t\t\t\t\t\t<p><strong>Outrage<\/strong><\/p><p>Sans pr\u00e9judice des poursuites judiciaires, est priv\u00e9 des droits aux prestations pour une p\u00e9riode d\u2019un (1) \u00e0 trois (3) mois, tout b\u00e9n\u00e9ficiaire auteur d\u2019outrage, d\u2019injures publiques, de violences et voies de fait, coups et blessures volontaires, \u00e0 l\u2019encontre d\u2019un agent de l\u2019AMAT-CI ou d\u2019un membre d\u00fbment mandat\u00e9 dans l\u2019exercice de ses fonctions.<\/p>\t\t\t\t\t\t\t\t<\/div>\n\t\t\t\t<\/div>\n\t\t\t\t<div class=\"elementor-element elementor-element-3a2a237 elementor-widget elementor-widget-text-editor\" data-id=\"3a2a237\" data-element_type=\"widget\" data-widget_type=\"text-editor.default\">\n\t\t\t\t<div class=\"elementor-widget-container\">\n\t\t\t\t\t\t\t\t\t<p><strong>Privation<\/strong><\/p><p>Toute privation ou exclusion du membre adh\u00e9rent entra\u00eene celle de tous ses ayants droits.<\/p><p>Les cartes du membre adh\u00e9rent et de tous ses ayants droits doivent \u00eatre d\u00e9pos\u00e9es imm\u00e9diatement \u00e0 l\u2019Administration G\u00e9n\u00e9rale de l\u2019AMAT-CI.<\/p><p>Toute utilisation de la carte de b\u00e9n\u00e9ficiaire pendant la p\u00e9riode de privation ou d\u2019exclusion entra\u00eene automatiquement le remboursement par les moyens de recouvrement l\u00e9gaux, des paiements effectu\u00e9s \u00e0 tort par l\u2019AMAT-CI \u00e0 tout prestataire de service<\/p>\t\t\t\t\t\t\t\t<\/div>\n\t\t\t\t<\/div>\n\t\t\t\t<\/div>\n\t\t\t\t<\/div>\n\t\t\t\t<\/div>\n\t\t","protected":false},"excerpt":{"rendered":"<p>SENSIBILISATIONS SANCTIONS Les prestations de l\u2019AMAT-CI sont exclusivement r\u00e9serv\u00e9es aux agents du Tr\u00e9sor et leurs ayants droits. \u00c9vitez de pr\u00eater vos cartes\u00a0! ## ensemble, soyons responsables. la fausse d\u00e9claration est un acte de fraude qui nuit gravement \u00e0 la stabilit\u00e9 et aux performances de notre mutuelle. D\u00e9clarons uniquement nos vrais ayants droits\u00a0! ## ensemble, prot\u00e9geons [&hellip;]<\/p>\n","protected":false},"author":1,"featured_media":0,"parent":0,"menu_order":0,"comment_status":"closed","ping_status":"closed","template":"","meta":{"footnotes":""},"class_list":["post-2049","page","type-page","status-publish","hentry"],"_links":{"self":[{"href":"https:\/\/amatci.tresor.gouv.ci\/index.php\/wp-json\/wp\/v2\/pages\/2049","targetHints":{"allow":["GET"]}}],"collection":[{"href":"https:\/\/amatci.tresor.gouv.ci\/index.php\/wp-json\/wp\/v2\/pages"}],"about":[{"href":"https:\/\/amatci.tresor.gouv.ci\/index.php\/wp-json\/wp\/v2\/types\/page"}],"author":[{"embeddable":true,"href":"https:\/\/amatci.tresor.gouv.ci\/index.php\/wp-json\/wp\/v2\/users\/1"}],"replies":[{"embeddable":true,"href":"https:\/\/amatci.tresor.gouv.ci\/index.php\/wp-json\/wp\/v2\/comments?post=2049"}],"version-history":[{"count":68,"href":"https:\/\/amatci.tresor.gouv.ci\/index.php\/wp-json\/wp\/v2\/pages\/2049\/revisions"}],"predecessor-version":[{"id":3621,"href":"https:\/\/amatci.tresor.gouv.ci\/index.php\/wp-json\/wp\/v2\/pages\/2049\/revisions\/3621"}],"wp:attachment":[{"href":"https:\/\/amatci.tresor.gouv.ci\/index.php\/wp-json\/wp\/v2\/media?parent=2049"}],"curies":[{"name":"wp","href":"https:\/\/api.w.org\/{rel}","templated":true}]}}