{"id":2115,"date":"2025-08-18T08:46:29","date_gmt":"2025-08-18T08:46:29","guid":{"rendered":"https:\/\/amatci.tresor.gouv.ci\/?page_id=2115"},"modified":"2026-04-28T19:23:29","modified_gmt":"2026-04-28T19:23:29","slug":"assemblee-generale","status":"publish","type":"page","link":"https:\/\/amatci.tresor.gouv.ci\/index.php\/assemblee-generale\/","title":{"rendered":"Assembl\u00e9e G\u00e9n\u00e9rale"},"content":{"rendered":"\t\t<div data-elementor-type=\"wp-page\" data-elementor-id=\"2115\" class=\"elementor elementor-2115\">\n\t\t\t\t<div class=\"elementor-element elementor-element-9d192a8 e-flex e-con-boxed e-con e-parent\" data-id=\"9d192a8\" data-element_type=\"container\">\n\t\t\t\t\t<div class=\"e-con-inner\">\n\t\t\t\t<div class=\"elementor-element elementor-element-cb956d6 elementor-widget elementor-widget-heading\" data-id=\"cb956d6\" data-element_type=\"widget\" data-widget_type=\"heading.default\">\n\t\t\t\t<div class=\"elementor-widget-container\">\n\t\t\t\t\t<h3 class=\"elementor-heading-title elementor-size-default\">Assembl\u00e9e G\u00e9n\u00e9rale<\/h3>\t\t\t\t<\/div>\n\t\t\t\t<\/div>\n\t\t\t\t\t<\/div>\n\t\t\t\t<\/div>\n\t\t<div class=\"elementor-element elementor-element-a8e7e05 e-flex e-con-boxed e-con e-parent\" data-id=\"a8e7e05\" data-element_type=\"container\">\n\t\t\t\t\t<div class=\"e-con-inner\">\n\t\t\t\t<div class=\"elementor-element elementor-element-007f0e5 elementor-widget elementor-widget-text-editor\" data-id=\"007f0e5\" data-element_type=\"widget\" data-widget_type=\"text-editor.default\">\n\t\t\t\t<div class=\"elementor-widget-container\">\n\t\t\t\t\t\t\t\t\t<p>L\u2019Assembl\u00e9e G\u00e9n\u00e9rale constitue l\u2019organe supr\u00eame de d\u00e9cision de l\u2019AMAT-CI.<\/p><p>Elle est qualifi\u00e9e d\u2019ordinaire ou d\u2019extraordinaire suivant l\u2019objet de ses d\u00e9lib\u00e9rations.<\/p><p>L\u2019Assembl\u00e9e G\u00e9n\u00e9rale est dite\u00a0:<\/p><ul><li>Extraordinaire lorsqu\u2019elle est appel\u00e9e \u00e0 d\u00e9lib\u00e9rer sur les questions ou dans les conditions pr\u00e9cis\u00e9es \u00e0 l\u2019article 19 des Statuts.<\/li><li>Ordinaire, dans les autres cas\u00a0;<\/li><\/ul>\t\t\t\t\t\t\t\t<\/div>\n\t\t\t\t<\/div>\n\t\t\t\t\t<\/div>\n\t\t\t\t<\/div>\n\t\t<div class=\"elementor-element elementor-element-c322532 e-flex e-con-boxed e-con e-parent\" data-id=\"c322532\" data-element_type=\"container\">\n\t\t\t\t\t<div class=\"e-con-inner\">\n\t\t\t\t<div class=\"elementor-element elementor-element-6b713d9 elementor-widget elementor-widget-heading\" data-id=\"6b713d9\" data-element_type=\"widget\" data-widget_type=\"heading.default\">\n\t\t\t\t<div class=\"elementor-widget-container\">\n\t\t\t\t\t<h2 class=\"elementor-heading-title elementor-size-default\">Composition de l\u2019Assembl\u00e9e G\u00e9n\u00e9rale<\/h2>\t\t\t\t<\/div>\n\t\t\t\t<\/div>\n\t\t\t\t\t<\/div>\n\t\t\t\t<\/div>\n\t\t<div class=\"elementor-element elementor-element-ae00a7e e-flex e-con-boxed e-con e-parent\" data-id=\"ae00a7e\" data-element_type=\"container\">\n\t\t\t\t\t<div class=\"e-con-inner\">\n\t\t\t\t<div class=\"elementor-element elementor-element-32dd1fc elementor-widget elementor-widget-text-editor\" data-id=\"32dd1fc\" data-element_type=\"widget\" data-widget_type=\"text-editor.default\">\n\t\t\t\t<div class=\"elementor-widget-container\">\n\t\t\t\t\t\t\t\t\t<p>L\u2019Assembl\u00e9e G\u00e9n\u00e9rale est compos\u00e9e des membres du Conseil d\u2019Administration et de d\u00e9l\u00e9gu\u00e9s issus de diff\u00e9rents coll\u00e8ges \u00e9lectoraux.<\/p><p>Les diff\u00e9rents coll\u00e8ges sont\u00a0:<\/p><ul><li>le coll\u00e8ge du Cabinet du\u00a0 Directeur\u00a0 G\u00e9n\u00e9ral du Tr\u00e9sor et de la Comptabilit\u00e9 Publique\u00a0;<\/li><li>le coll\u00e8ge du Centre M\u00e9dical\u00a0\u00ab\u00a0Paul-Antoine BOHOUN BOUABR\u00c9\u00a0\u00bb\u00a0;<\/li><li>le coll\u00e8ge des associations ou amicales existant au Tr\u00e9sor Public et dont l\u2019utilit\u00e9 est reconnue par la Direction G\u00e9n\u00e9rale\u00a0;<\/li><li>le coll\u00e8ge des syndicats des agents du Tr\u00e9sor Public, r\u00e9guli\u00e8rement constitu\u00e9s\u00a0;<\/li><li>le coll\u00e8ge des diff\u00e9rents\u00a0 services centraux et circonscriptions financi\u00e8res.<\/li><\/ul><p>Le nombre de d\u00e9l\u00e9gu\u00e9s par coll\u00e8ge devant participer aux travaux des Assembl\u00e9es G\u00e9n\u00e9rales est d\u00e9termin\u00e9 suivant les modalit\u00e9s pr\u00e9vues au R\u00e8glement int\u00e9rieur.<\/p><p>Les d\u00e9l\u00e9gu\u00e9s \u00e0 l\u2019Assembl\u00e9e G\u00e9n\u00e9rale doivent \u00eatre munis, pour participer aux s\u00e9ances, d\u2019un mandat express\u00e9ment d\u00e9livr\u00e9 par la structure \u00e0 laquelle ils sont rattach\u00e9s.<\/p><p>Chaque d\u00e9l\u00e9gu\u00e9 pr\u00e9sent dispose d\u2019une voix.<\/p>\t\t\t\t\t\t\t\t<\/div>\n\t\t\t\t<\/div>\n\t\t\t\t\t<\/div>\n\t\t\t\t<\/div>\n\t\t\t\t<\/div>\n\t\t","protected":false},"excerpt":{"rendered":"<p>Assembl\u00e9e G\u00e9n\u00e9rale L\u2019Assembl\u00e9e G\u00e9n\u00e9rale constitue l\u2019organe supr\u00eame de d\u00e9cision de l\u2019AMAT-CI. Elle est qualifi\u00e9e d\u2019ordinaire ou d\u2019extraordinaire suivant l\u2019objet de ses d\u00e9lib\u00e9rations. L\u2019Assembl\u00e9e G\u00e9n\u00e9rale est dite\u00a0: Extraordinaire lorsqu\u2019elle est appel\u00e9e \u00e0 d\u00e9lib\u00e9rer sur les questions ou dans les conditions pr\u00e9cis\u00e9es \u00e0 l\u2019article 19 des Statuts. Ordinaire, dans les autres cas\u00a0; Composition de l\u2019Assembl\u00e9e G\u00e9n\u00e9rale L\u2019Assembl\u00e9e [&hellip;]<\/p>\n","protected":false},"author":1,"featured_media":0,"parent":0,"menu_order":0,"comment_status":"closed","ping_status":"closed","template":"","meta":{"footnotes":""},"class_list":["post-2115","page","type-page","status-publish","hentry"],"_links":{"self":[{"href":"https:\/\/amatci.tresor.gouv.ci\/index.php\/wp-json\/wp\/v2\/pages\/2115","targetHints":{"allow":["GET"]}}],"collection":[{"href":"https:\/\/amatci.tresor.gouv.ci\/index.php\/wp-json\/wp\/v2\/pages"}],"about":[{"href":"https:\/\/amatci.tresor.gouv.ci\/index.php\/wp-json\/wp\/v2\/types\/page"}],"author":[{"embeddable":true,"href":"https:\/\/amatci.tresor.gouv.ci\/index.php\/wp-json\/wp\/v2\/users\/1"}],"replies":[{"embeddable":true,"href":"https:\/\/amatci.tresor.gouv.ci\/index.php\/wp-json\/wp\/v2\/comments?post=2115"}],"version-history":[{"count":11,"href":"https:\/\/amatci.tresor.gouv.ci\/index.php\/wp-json\/wp\/v2\/pages\/2115\/revisions"}],"predecessor-version":[{"id":3652,"href":"https:\/\/amatci.tresor.gouv.ci\/index.php\/wp-json\/wp\/v2\/pages\/2115\/revisions\/3652"}],"wp:attachment":[{"href":"https:\/\/amatci.tresor.gouv.ci\/index.php\/wp-json\/wp\/v2\/media?parent=2115"}],"curies":[{"name":"wp","href":"https:\/\/api.w.org\/{rel}","templated":true}]}}