{"id":2158,"date":"2025-10-07T19:22:00","date_gmt":"2025-10-07T19:22:00","guid":{"rendered":"https:\/\/amatci.tresor.gouv.ci\/?page_id=2158"},"modified":"2026-04-07T17:57:49","modified_gmt":"2026-04-07T17:57:49","slug":"documents","status":"publish","type":"page","link":"https:\/\/amatci.tresor.gouv.ci\/index.php\/documents\/","title":{"rendered":"Documents"},"content":{"rendered":"\t\t<div data-elementor-type=\"wp-page\" data-elementor-id=\"2158\" class=\"elementor elementor-2158\">\n\t\t\t\t<div class=\"elementor-element elementor-element-c9035e1 e-flex e-con-boxed e-con e-parent\" data-id=\"c9035e1\" data-element_type=\"container\">\n\t\t\t\t\t<div class=\"e-con-inner\">\n\t\t\t\t<div class=\"elementor-element elementor-element-93dc1b8 elementor-widget elementor-widget-heading\" data-id=\"93dc1b8\" data-element_type=\"widget\" data-widget_type=\"heading.default\">\n\t\t\t\t<div class=\"elementor-widget-container\">\n\t\t\t\t\t<h5 class=\"elementor-heading-title elementor-size-default\">Les documents de l'AMAT-CI<\/h5>\t\t\t\t<\/div>\n\t\t\t\t<\/div>\n\t\t\t\t\t<\/div>\n\t\t\t\t<\/div>\n\t\t<div class=\"elementor-element elementor-element-bdf2b27 e-flex e-con-boxed e-con e-parent\" data-id=\"bdf2b27\" data-element_type=\"container\">\n\t\t\t\t\t<div class=\"e-con-inner\">\n\t\t\t\t<div class=\"elementor-element elementor-element-96ed33b elementor-widget elementor-widget-iiconbox_grid\" data-id=\"96ed33b\" data-element_type=\"widget\" data-widget_type=\"iiconbox_grid.default\">\n\t\t\t\t<div class=\"elementor-widget-container\">\n\t\t\t\t\t\t\t<div class=\"icon-box-grid\">\r\n\t\t\t\t\t\t<div class=\"col-md-6 no-padding\">\r\n\t\t\t\t<div class=\"icon-box\">\r\n\t\t\t\t\t<div class=\"icon-main\">\r\n\t\t\t\t\t\t<svg aria-hidden=\"true\" class=\"e-font-icon-svg e-far-file-pdf\" viewBox=\"0 0 384 512\" xmlns=\"http:\/\/www.w3.org\/2000\/svg\"><path d=\"M369.9 97.9L286 14C277 5 264.8-.1 252.1-.1H48C21.5 0 0 21.5 0 48v416c0 26.5 21.5 48 48 48h288c26.5 0 48-21.5 48-48V131.9c0-12.7-5.1-25-14.1-34zM332.1 128H256V51.9l76.1 76.1zM48 464V48h160v104c0 13.3 10.7 24 24 24h104v288H48zm250.2-143.7c-12.2-12-47-8.7-64.4-6.5-17.2-10.5-28.7-25-36.8-46.3 3.9-16.1 10.1-40.6 5.4-56-4.2-26.2-37.8-23.6-42.6-5.9-4.4 16.1-.4 38.5 7 67.1-10 23.9-24.9 56-35.4 74.4-20 10.3-47 26.2-51 46.2-3.3 15.8 26 55.2 76.1-31.2 22.4-7.4 46.8-16.5 68.4-20.1 18.9 10.2 41 17 55.8 17 25.5 0 28-28.2 17.5-38.7zm-198.1 77.8c5.1-13.7 24.5-29.5 30.4-35-19 30.3-30.4 35.7-30.4 35zm81.6-190.6c7.4 0 6.7 32.1 1.8 40.8-4.4-13.9-4.3-40.8-1.8-40.8zm-24.4 136.6c9.7-16.9 18-37 24.7-54.7 8.3 15.1 18.9 27.2 30.1 35.5-20.8 4.3-38.9 13.1-54.8 19.2zm131.6-5s-5 6-37.3-7.8c35.1-2.6 40.9 5.4 37.3 7.8z\"><\/path><\/svg>\t\t\t\t\t<\/div>\r\n\t\t\t        <div class=\"content-box\">\r\n\t\t\t        \t\t\t\t            <h6 class=\"title-box\"><a href=\"https:\/\/amatci.tresor.gouv.ci\/wp-content\/uploads\/2025\/11\/LE-GUIDE-DU-MUTUALISTE-vf.pdf\" target=\"_blank\">LE GUIDE DU MUTUALISTE<\/a><\/h6>\t\t\t            <p>Le guide du mutualiste est un document qui retrace et d\u00e9crit les procedures pour b\u00e9n\u00e9ficier des prestations de l'AMAT-CI.\nil permet au mutualiste de tirer le meilleur profit de la Mutuelle.<\/p>\t\t\t        <\/div>\r\n\t\t\t    <\/div>\r\n\t\t    <\/div>\r\n\t\t    \t\t\t<div class=\"col-md-6 no-padding\">\r\n\t\t\t\t<div class=\"icon-box\">\r\n\t\t\t\t\t<div class=\"icon-main\">\r\n\t\t\t\t\t\t<svg aria-hidden=\"true\" class=\"e-font-icon-svg e-far-file-pdf\" viewBox=\"0 0 384 512\" xmlns=\"http:\/\/www.w3.org\/2000\/svg\"><path d=\"M369.9 97.9L286 14C277 5 264.8-.1 252.1-.1H48C21.5 0 0 21.5 0 48v416c0 26.5 21.5 48 48 48h288c26.5 0 48-21.5 48-48V131.9c0-12.7-5.1-25-14.1-34zM332.1 128H256V51.9l76.1 76.1zM48 464V48h160v104c0 13.3 10.7 24 24 24h104v288H48zm250.2-143.7c-12.2-12-47-8.7-64.4-6.5-17.2-10.5-28.7-25-36.8-46.3 3.9-16.1 10.1-40.6 5.4-56-4.2-26.2-37.8-23.6-42.6-5.9-4.4 16.1-.4 38.5 7 67.1-10 23.9-24.9 56-35.4 74.4-20 10.3-47 26.2-51 46.2-3.3 15.8 26 55.2 76.1-31.2 22.4-7.4 46.8-16.5 68.4-20.1 18.9 10.2 41 17 55.8 17 25.5 0 28-28.2 17.5-38.7zm-198.1 77.8c5.1-13.7 24.5-29.5 30.4-35-19 30.3-30.4 35.7-30.4 35zm81.6-190.6c7.4 0 6.7 32.1 1.8 40.8-4.4-13.9-4.3-40.8-1.8-40.8zm-24.4 136.6c9.7-16.9 18-37 24.7-54.7 8.3 15.1 18.9 27.2 30.1 35.5-20.8 4.3-38.9 13.1-54.8 19.2zm131.6-5s-5 6-37.3-7.8c35.1-2.6 40.9 5.4 37.3 7.8z\"><\/path><\/svg>\t\t\t\t\t<\/div>\r\n\t\t\t        <div class=\"content-box\">\r\n\t\t\t        \t\t\t\t            <h6 class=\"title-box\"><a href=\"https:\/\/amatci.tresor.gouv.ci\/wp-content\/uploads\/2025\/10\/CAHIER-DES-CHARGES-DE-LA-GARANTIE-MALADIE-MATERNITE-DE-LAMAT-CI.pdf\" target=\"_blank\">LE CAHIER DES CHARGES DE LA GARANTIE MALADIE - MATERNIT&Eacute; DE L'AMAT-CI <\/a><\/h6>\t\t\t            <p>Le Cahier des Charges d\u00e9finit les r\u00e8gles, conditions et modalit\u00e9s de fonctionnement de la garantie maladie et maternit\u00e9 de l\u2019AMAT-CI.<\/p>\t\t\t        <\/div>\r\n\t\t\t    <\/div>\r\n\t\t    <\/div>\r\n\t\t    \t\t\t<div class=\"col-md-6 no-padding\">\r\n\t\t\t\t<div class=\"icon-box\">\r\n\t\t\t\t\t<div class=\"icon-main\">\r\n\t\t\t\t\t\t<svg aria-hidden=\"true\" class=\"e-font-icon-svg e-far-file-pdf\" viewBox=\"0 0 384 512\" xmlns=\"http:\/\/www.w3.org\/2000\/svg\"><path d=\"M369.9 97.9L286 14C277 5 264.8-.1 252.1-.1H48C21.5 0 0 21.5 0 48v416c0 26.5 21.5 48 48 48h288c26.5 0 48-21.5 48-48V131.9c0-12.7-5.1-25-14.1-34zM332.1 128H256V51.9l76.1 76.1zM48 464V48h160v104c0 13.3 10.7 24 24 24h104v288H48zm250.2-143.7c-12.2-12-47-8.7-64.4-6.5-17.2-10.5-28.7-25-36.8-46.3 3.9-16.1 10.1-40.6 5.4-56-4.2-26.2-37.8-23.6-42.6-5.9-4.4 16.1-.4 38.5 7 67.1-10 23.9-24.9 56-35.4 74.4-20 10.3-47 26.2-51 46.2-3.3 15.8 26 55.2 76.1-31.2 22.4-7.4 46.8-16.5 68.4-20.1 18.9 10.2 41 17 55.8 17 25.5 0 28-28.2 17.5-38.7zm-198.1 77.8c5.1-13.7 24.5-29.5 30.4-35-19 30.3-30.4 35.7-30.4 35zm81.6-190.6c7.4 0 6.7 32.1 1.8 40.8-4.4-13.9-4.3-40.8-1.8-40.8zm-24.4 136.6c9.7-16.9 18-37 24.7-54.7 8.3 15.1 18.9 27.2 30.1 35.5-20.8 4.3-38.9 13.1-54.8 19.2zm131.6-5s-5 6-37.3-7.8c35.1-2.6 40.9 5.4 37.3 7.8z\"><\/path><\/svg>\t\t\t\t\t<\/div>\r\n\t\t\t        <div class=\"content-box\">\r\n\t\t\t        \t\t\t\t            <h6 class=\"title-box\"><a href=\"https:\/\/amatci.tresor.gouv.ci\/wp-content\/uploads\/2025\/10\/EXCLUSIONS.pdf\" target=\"_blank\">LES EXCLUSIONS<\/a><\/h6>\t\t\t            <p>Le document des Exclusions \u00e9num\u00e8re les actes, soins et situations qui ne sont pas pris en charge par la garantie maladie-maternit\u00e9 de l\u2019AMAT-CI.<\/p>\t\t\t        <\/div>\r\n\t\t\t    <\/div>\r\n\t\t    <\/div>\r\n\t\t    \t\t\t<div class=\"col-md-6 no-padding\">\r\n\t\t\t\t<div class=\"icon-box\">\r\n\t\t\t\t\t<div class=\"icon-main\">\r\n\t\t\t\t\t\t<svg aria-hidden=\"true\" class=\"e-font-icon-svg e-far-file-pdf\" viewBox=\"0 0 384 512\" xmlns=\"http:\/\/www.w3.org\/2000\/svg\"><path d=\"M369.9 97.9L286 14C277 5 264.8-.1 252.1-.1H48C21.5 0 0 21.5 0 48v416c0 26.5 21.5 48 48 48h288c26.5 0 48-21.5 48-48V131.9c0-12.7-5.1-25-14.1-34zM332.1 128H256V51.9l76.1 76.1zM48 464V48h160v104c0 13.3 10.7 24 24 24h104v288H48zm250.2-143.7c-12.2-12-47-8.7-64.4-6.5-17.2-10.5-28.7-25-36.8-46.3 3.9-16.1 10.1-40.6 5.4-56-4.2-26.2-37.8-23.6-42.6-5.9-4.4 16.1-.4 38.5 7 67.1-10 23.9-24.9 56-35.4 74.4-20 10.3-47 26.2-51 46.2-3.3 15.8 26 55.2 76.1-31.2 22.4-7.4 46.8-16.5 68.4-20.1 18.9 10.2 41 17 55.8 17 25.5 0 28-28.2 17.5-38.7zm-198.1 77.8c5.1-13.7 24.5-29.5 30.4-35-19 30.3-30.4 35.7-30.4 35zm81.6-190.6c7.4 0 6.7 32.1 1.8 40.8-4.4-13.9-4.3-40.8-1.8-40.8zm-24.4 136.6c9.7-16.9 18-37 24.7-54.7 8.3 15.1 18.9 27.2 30.1 35.5-20.8 4.3-38.9 13.1-54.8 19.2zm131.6-5s-5 6-37.3-7.8c35.1-2.6 40.9 5.4 37.3 7.8z\"><\/path><\/svg>\t\t\t\t\t<\/div>\r\n\t\t\t        <div class=\"content-box\">\r\n\t\t\t        \t\t\t\t            <h6 class=\"title-box\"><a href=\"https:\/\/amatci.tresor.gouv.ci\/wp-content\/uploads\/2025\/08\/REGLEMENT-INTERIEUR.pdf\" target=\"_blank\">LE R&Egrave;GLEMENT INT&Eacute;RIEUR<\/a><\/h6>\t\t\t            <p>Le R\u00e8glement Int\u00e9rieur fixe les r\u00e8gles de fonctionnement interne de l\u2019AMAT-CI.<\/p>\t\t\t        <\/div>\r\n\t\t\t    <\/div>\r\n\t\t    <\/div>\r\n\t\t    \t\t\t<div class=\"col-md-6 no-padding\">\r\n\t\t\t\t<div class=\"icon-box\">\r\n\t\t\t\t\t<div class=\"icon-main\">\r\n\t\t\t\t\t\t<svg aria-hidden=\"true\" class=\"e-font-icon-svg e-far-file-pdf\" viewBox=\"0 0 384 512\" xmlns=\"http:\/\/www.w3.org\/2000\/svg\"><path d=\"M369.9 97.9L286 14C277 5 264.8-.1 252.1-.1H48C21.5 0 0 21.5 0 48v416c0 26.5 21.5 48 48 48h288c26.5 0 48-21.5 48-48V131.9c0-12.7-5.1-25-14.1-34zM332.1 128H256V51.9l76.1 76.1zM48 464V48h160v104c0 13.3 10.7 24 24 24h104v288H48zm250.2-143.7c-12.2-12-47-8.7-64.4-6.5-17.2-10.5-28.7-25-36.8-46.3 3.9-16.1 10.1-40.6 5.4-56-4.2-26.2-37.8-23.6-42.6-5.9-4.4 16.1-.4 38.5 7 67.1-10 23.9-24.9 56-35.4 74.4-20 10.3-47 26.2-51 46.2-3.3 15.8 26 55.2 76.1-31.2 22.4-7.4 46.8-16.5 68.4-20.1 18.9 10.2 41 17 55.8 17 25.5 0 28-28.2 17.5-38.7zm-198.1 77.8c5.1-13.7 24.5-29.5 30.4-35-19 30.3-30.4 35.7-30.4 35zm81.6-190.6c7.4 0 6.7 32.1 1.8 40.8-4.4-13.9-4.3-40.8-1.8-40.8zm-24.4 136.6c9.7-16.9 18-37 24.7-54.7 8.3 15.1 18.9 27.2 30.1 35.5-20.8 4.3-38.9 13.1-54.8 19.2zm131.6-5s-5 6-37.3-7.8c35.1-2.6 40.9 5.4 37.3 7.8z\"><\/path><\/svg>\t\t\t\t\t<\/div>\r\n\t\t\t        <div class=\"content-box\">\r\n\t\t\t        \t\t\t\t            <h6 class=\"title-box\"><a href=\"https:\/\/amatci.tresor.gouv.ci\/wp-content\/uploads\/2025\/10\/STATUTS-REVISE-DE-LAMAT-CI-2023.pdf\" target=\"_blank\">LES STATUTS<\/a><\/h6>\t\t\t            <p>Les Statuts d\u00e9finissent la structure, les organes de gouvernance et les r\u00e8gles fondamentales de fonctionnement de l\u2019AMAT-CI.<\/p>\t\t\t        <\/div>\r\n\t\t\t    <\/div>\r\n\t\t    <\/div>\r\n\t\t    \t\t\t<div class=\"col-md-6 no-padding\">\r\n\t\t\t\t<div class=\"icon-box\">\r\n\t\t\t\t\t<div class=\"icon-main\">\r\n\t\t\t\t\t\t<svg aria-hidden=\"true\" class=\"e-font-icon-svg e-far-file-pdf\" viewBox=\"0 0 384 512\" xmlns=\"http:\/\/www.w3.org\/2000\/svg\"><path d=\"M369.9 97.9L286 14C277 5 264.8-.1 252.1-.1H48C21.5 0 0 21.5 0 48v416c0 26.5 21.5 48 48 48h288c26.5 0 48-21.5 48-48V131.9c0-12.7-5.1-25-14.1-34zM332.1 128H256V51.9l76.1 76.1zM48 464V48h160v104c0 13.3 10.7 24 24 24h104v288H48zm250.2-143.7c-12.2-12-47-8.7-64.4-6.5-17.2-10.5-28.7-25-36.8-46.3 3.9-16.1 10.1-40.6 5.4-56-4.2-26.2-37.8-23.6-42.6-5.9-4.4 16.1-.4 38.5 7 67.1-10 23.9-24.9 56-35.4 74.4-20 10.3-47 26.2-51 46.2-3.3 15.8 26 55.2 76.1-31.2 22.4-7.4 46.8-16.5 68.4-20.1 18.9 10.2 41 17 55.8 17 25.5 0 28-28.2 17.5-38.7zm-198.1 77.8c5.1-13.7 24.5-29.5 30.4-35-19 30.3-30.4 35.7-30.4 35zm81.6-190.6c7.4 0 6.7 32.1 1.8 40.8-4.4-13.9-4.3-40.8-1.8-40.8zm-24.4 136.6c9.7-16.9 18-37 24.7-54.7 8.3 15.1 18.9 27.2 30.1 35.5-20.8 4.3-38.9 13.1-54.8 19.2zm131.6-5s-5 6-37.3-7.8c35.1-2.6 40.9 5.4 37.3 7.8z\"><\/path><\/svg>\t\t\t\t\t<\/div>\r\n\t\t\t        <div class=\"content-box\">\r\n\t\t\t        \t\t\t\t            <h6 class=\"title-box\"><a href=\"https:\/\/amatci.tresor.gouv.ci\/wp-content\/uploads\/2025\/10\/LISTE_PRESTATAIRES_30_06_2025.pdf\" target=\"_blank\">LISTE DES STRUCTURES<\/a><\/h6>\t\t\t            <p>Liste des structures sanitaires de notre r\u00e9seau de soins<\/p>\t\t\t        <\/div>\r\n\t\t\t    <\/div>\r\n\t\t    <\/div>\r\n\t\t    \t\t<\/div>\r\n\t    \t\t\t\t<\/div>\n\t\t\t\t<\/div>\n\t\t\t\t\t<\/div>\n\t\t\t\t<\/div>\n\t\t\t\t<\/div>\n\t\t","protected":false},"excerpt":{"rendered":"<p>Les documents de l&rsquo;AMAT-CI LE GUIDE DU MUTUALISTE Le guide du mutualiste est un document qui retrace et d\u00e9crit les procedures pour b\u00e9n\u00e9ficier des prestations de l&rsquo;AMAT-CI. il permet au mutualiste de tirer le meilleur profit de la Mutuelle. LE CAHIER DES CHARGES DE LA GARANTIE MALADIE &#8211; MATERNIT&Eacute; DE L&rsquo;AMAT-CI Le Cahier des Charges [&hellip;]<\/p>\n","protected":false},"author":2,"featured_media":0,"parent":0,"menu_order":0,"comment_status":"closed","ping_status":"closed","template":"","meta":{"footnotes":""},"class_list":["post-2158","page","type-page","status-publish","hentry"],"_links":{"self":[{"href":"https:\/\/amatci.tresor.gouv.ci\/index.php\/wp-json\/wp\/v2\/pages\/2158","targetHints":{"allow":["GET"]}}],"collection":[{"href":"https:\/\/amatci.tresor.gouv.ci\/index.php\/wp-json\/wp\/v2\/pages"}],"about":[{"href":"https:\/\/amatci.tresor.gouv.ci\/index.php\/wp-json\/wp\/v2\/types\/page"}],"author":[{"embeddable":true,"href":"https:\/\/amatci.tresor.gouv.ci\/index.php\/wp-json\/wp\/v2\/users\/2"}],"replies":[{"embeddable":true,"href":"https:\/\/amatci.tresor.gouv.ci\/index.php\/wp-json\/wp\/v2\/comments?post=2158"}],"version-history":[{"count":50,"href":"https:\/\/amatci.tresor.gouv.ci\/index.php\/wp-json\/wp\/v2\/pages\/2158\/revisions"}],"predecessor-version":[{"id":2730,"href":"https:\/\/amatci.tresor.gouv.ci\/index.php\/wp-json\/wp\/v2\/pages\/2158\/revisions\/2730"}],"wp:attachment":[{"href":"https:\/\/amatci.tresor.gouv.ci\/index.php\/wp-json\/wp\/v2\/media?parent=2158"}],"curies":[{"name":"wp","href":"https:\/\/api.w.org\/{rel}","templated":true}]}}