{"id":2296,"date":"2025-10-15T13:30:05","date_gmt":"2025-10-15T13:30:05","guid":{"rendered":"https:\/\/amatci.tresor.gouv.ci\/?page_id=2296"},"modified":"2026-04-27T17:25:07","modified_gmt":"2026-04-27T17:25:07","slug":"administration-generale","status":"publish","type":"page","link":"https:\/\/amatci.tresor.gouv.ci\/index.php\/administration-generale\/","title":{"rendered":"Administration G\u00e9n\u00e9rale"},"content":{"rendered":"\t\t<div data-elementor-type=\"wp-page\" data-elementor-id=\"2296\" class=\"elementor elementor-2296\">\n\t\t\t\t\t\t<section class=\"elementor-section elementor-top-section elementor-element elementor-element-4bcb554 elementor-section-content-middle elementor-section-full_width elementor-section-height-default elementor-section-height-default\" data-id=\"4bcb554\" data-element_type=\"section\">\n\t\t\t\t\t\t<div class=\"elementor-container elementor-column-gap-extended\">\n\t\t\t\t\t<div class=\"elementor-column elementor-col-50 elementor-top-column elementor-element elementor-element-36a865a ot-flex-column-vertical\" data-id=\"36a865a\" data-element_type=\"column\">\n\t\t\t<div class=\"elementor-widget-wrap elementor-element-populated\">\n\t\t\t\t\t\t<div class=\"elementor-element elementor-element-3205ca9 elementor-widget elementor-widget-iheading\" data-id=\"3205ca9\" data-element_type=\"widget\" data-widget_type=\"iheading.default\">\n\t\t\t\t<div class=\"elementor-widget-container\">\n\t\t\t\t\t\t\t<div class=\"ot-heading\">\r\n\t        <span class=\"is_highlight\">L'AMAT-CI -- Assurance sant\u00e9<\/span>\t        <h3 class=\"main-head\">Administration G\u00e9n\u00e9rale<\/h3>\t    <\/div>\r\n\t    \t\t\t\t<\/div>\n\t\t\t\t<\/div>\n\t\t\t\t<div class=\"elementor-element elementor-element-7713d4e elementor-widget elementor-widget-text-editor\" data-id=\"7713d4e\" data-element_type=\"widget\" data-widget_type=\"text-editor.default\">\n\t\t\t\t<div class=\"elementor-widget-container\">\n\t\t\t\t\t\t\t\t\t<p>L&rsquo;Administration G\u00e9n\u00e9rale est l\u2019organe centrale d&rsquo;ex\u00e9cution<\/p><p>Elle est compos\u00e9e de:<\/p><ul><li>de l&rsquo;Administrateur G\u00e9n\u00e9ral;<\/li><li>des Conseillers techniques ;<\/li><li>des D\u00e9partements ;<\/li><li>des Services techniques.<\/li><\/ul>\t\t\t\t\t\t\t\t<\/div>\n\t\t\t\t<\/div>\n\t\t\t\t\t<\/div>\n\t\t<\/div>\n\t\t\t\t<div class=\"elementor-column elementor-col-50 elementor-top-column elementor-element elementor-element-94c381a ot-flex-column-vertical\" data-id=\"94c381a\" data-element_type=\"column\">\n\t\t\t<div class=\"elementor-widget-wrap elementor-element-populated\">\n\t\t\t\t\t\t<div class=\"elementor-element elementor-element-d19512e elementor-widget elementor-widget-text-editor\" data-id=\"d19512e\" data-element_type=\"widget\" data-widget_type=\"text-editor.default\">\n\t\t\t\t<div class=\"elementor-widget-container\">\n\t\t\t\t\t\t\t\t\t<h3>Attributions de l\u2019Administrateur G\u00e9n\u00e9ral<\/h3>\n<p>L\u2019Administrateur G\u00e9n\u00e9ral exerce les pouvoirs qui lui sont d\u00e9l\u00e9gu\u00e9s par le Conseil<br>d\u2019Administration, dans le cadre de la gestion courante des affaires de l\u2019AMAT-CI.&nbsp;<\/p>\n<ul>Il est charg\u00e9 notamment des missions ci-apr\u00e8s :<\/ul>\n<p><\/p>\n<ul>\n<li>assurer l\u2019ex\u00e9cution des d\u00e9cisions du Conseil d\u2019Administration ;<\/li>\n<li>assurer la coordination des services ;<\/li>\n<li>pr\u00e9parer les projets de budgets ;<\/li>\n<li>ex\u00e9cuter le budget en qualit\u00e9 d\u2019ordonnateur des recettes et des d\u00e9penses ;<\/li>\n<li>\u00e9tablir et soumettre \u00e0 l\u2019approbation du Conseil d\u2019Administration, l\u2019organisation<br>g\u00e9n\u00e9rale des services de l\u2019AMAT-CI ;<\/li>\n<li>exercer l\u2019autorit\u00e9 sur l\u2019ensemble du personnel ;<\/li>\n<li>soumettre au Conseil d\u2019Administration les recrutements, les nominations, les<br>attributions, les salaires, les gratifications, les mutations et promotions, conform\u00e9ment<br>\u00e0 la r\u00e9glementation en vigueur ;<\/li>\n<li>g\u00e9rer le patrimoine mobilier et immobilier, les placements financiers et les<br>disponibilit\u00e9s de l\u2019AMAT-CI ;<\/li>\n<li>\u00e9tablir le rapport annuel d\u2019activit\u00e9s de l\u2019AMAT-CI ;<\/li>\n<li>accorder l\u2019agr\u00e9ment aux partenaires m\u00e9dicaux et prestataires de l\u2019AMAT-CI ;&nbsp;<\/li><li>d\u00e9cider des sanctions \u00e0 l\u2019encontre du personnel, \u00e0 l\u2019exception des cas de radiation ;&nbsp;<\/li><li>signer les actes administratifs de son domaine de comp\u00e9tence ;\n&#8211; coordonner la politique de communication de l\u2019AMAT-CI ;&nbsp;<\/li><li>pr\u00e9parer les \u00e9tudes, plans et projets et les soumettre au Conseil d\u2019Administration ;&nbsp;<\/li><li>proposer au Conseil d\u2019Administration, pour adoption, le montant des cotisations et de\ntoutes autres contributions, la liste des prestations, la nomenclature des prestations\nremboursables ;&nbsp;<\/li><li>ester en justice, par d\u00e9l\u00e9gation du Conseil d\u2019Administration ;&nbsp;<\/li><li>nommer les d\u00e9l\u00e9gu\u00e9s des Commissions locales.<\/li>\n<\/ul>\t\t\t\t\t\t\t\t<\/div>\n\t\t\t\t<\/div>\n\t\t\t\t\t<\/div>\n\t\t<\/div>\n\t\t\t\t\t<\/div>\n\t\t<\/section>\n\t\t\t\t<\/div>\n\t\t","protected":false},"excerpt":{"rendered":"<p>L&rsquo;AMAT-CI &#8212; Assurance sant\u00e9 Administration G\u00e9n\u00e9rale L&rsquo;Administration G\u00e9n\u00e9rale est l\u2019organe centrale d&rsquo;ex\u00e9cution Elle est compos\u00e9e de: de l&rsquo;Administrateur G\u00e9n\u00e9ral; des Conseillers techniques ; des D\u00e9partements ; des Services techniques. Attributions de l\u2019Administrateur G\u00e9n\u00e9ral L\u2019Administrateur G\u00e9n\u00e9ral exerce les pouvoirs qui lui sont d\u00e9l\u00e9gu\u00e9s par le Conseild\u2019Administration, dans le cadre de la gestion courante des affaires de [&hellip;]<\/p>\n","protected":false},"author":2,"featured_media":0,"parent":0,"menu_order":0,"comment_status":"closed","ping_status":"closed","template":"","meta":{"footnotes":""},"class_list":["post-2296","page","type-page","status-publish","hentry"],"_links":{"self":[{"href":"https:\/\/amatci.tresor.gouv.ci\/index.php\/wp-json\/wp\/v2\/pages\/2296","targetHints":{"allow":["GET"]}}],"collection":[{"href":"https:\/\/amatci.tresor.gouv.ci\/index.php\/wp-json\/wp\/v2\/pages"}],"about":[{"href":"https:\/\/amatci.tresor.gouv.ci\/index.php\/wp-json\/wp\/v2\/types\/page"}],"author":[{"embeddable":true,"href":"https:\/\/amatci.tresor.gouv.ci\/index.php\/wp-json\/wp\/v2\/users\/2"}],"replies":[{"embeddable":true,"href":"https:\/\/amatci.tresor.gouv.ci\/index.php\/wp-json\/wp\/v2\/comments?post=2296"}],"version-history":[{"count":10,"href":"https:\/\/amatci.tresor.gouv.ci\/index.php\/wp-json\/wp\/v2\/pages\/2296\/revisions"}],"predecessor-version":[{"id":2313,"href":"https:\/\/amatci.tresor.gouv.ci\/index.php\/wp-json\/wp\/v2\/pages\/2296\/revisions\/2313"}],"wp:attachment":[{"href":"https:\/\/amatci.tresor.gouv.ci\/index.php\/wp-json\/wp\/v2\/media?parent=2296"}],"curies":[{"name":"wp","href":"https:\/\/api.w.org\/{rel}","templated":true}]}}