{"id":868,"date":"2020-09-11T08:07:08","date_gmt":"2020-09-11T08:07:08","guid":{"rendered":"http:\/\/wpdemo.archiwp.com\/maxbizz\/?page_id=868"},"modified":"2026-04-27T11:40:50","modified_gmt":"2026-04-27T11:40:50","slug":"nos-prestations","status":"publish","type":"page","link":"https:\/\/amatci.tresor.gouv.ci\/index.php\/nos-prestations\/","title":{"rendered":"Nos prestations"},"content":{"rendered":"\t\t<div data-elementor-type=\"wp-page\" data-elementor-id=\"868\" class=\"elementor elementor-868\">\n\t\t\t\t\t\t<section class=\"elementor-section elementor-top-section elementor-element elementor-element-50913d0 elementor-section-boxed elementor-section-height-default elementor-section-height-default\" data-id=\"50913d0\" data-element_type=\"section\">\n\t\t\t\t\t\t<div class=\"elementor-container elementor-column-gap-default\">\n\t\t\t\t\t<div class=\"elementor-column elementor-col-100 elementor-top-column elementor-element elementor-element-6431d9b ot-flex-column-vertical\" data-id=\"6431d9b\" data-element_type=\"column\">\n\t\t\t<div class=\"elementor-widget-wrap elementor-element-populated\">\n\t\t\t\t\t\t<section class=\"elementor-section elementor-inner-section elementor-element elementor-element-2d79a54 elementor-section-full_width elementor-section-height-default elementor-section-height-default\" data-id=\"2d79a54\" data-element_type=\"section\">\n\t\t\t\t\t\t<div class=\"elementor-container elementor-column-gap-default\">\n\t\t\t\t\t<div class=\"elementor-column elementor-col-33 elementor-inner-column elementor-element elementor-element-d6f8efd ot-flex-column-vertical\" data-id=\"d6f8efd\" data-element_type=\"column\">\n\t\t\t<div class=\"elementor-widget-wrap\">\n\t\t\t\t\t\t\t<\/div>\n\t\t<\/div>\n\t\t\t\t<div class=\"elementor-column elementor-col-33 elementor-inner-column elementor-element elementor-element-403e7f7 ot-flex-column-vertical\" data-id=\"403e7f7\" data-element_type=\"column\">\n\t\t\t<div class=\"elementor-widget-wrap elementor-element-populated\">\n\t\t\t\t\t\t<div class=\"elementor-element elementor-element-53a4218 elementor-widget elementor-widget-iheading\" data-id=\"53a4218\" data-element_type=\"widget\" data-widget_type=\"iheading.default\">\n\t\t\t\t<div class=\"elementor-widget-container\">\n\t\t\t\t\t\t\t<div class=\"ot-heading\">\r\n\t        <span class=\"is_highlight\">AMAT-CI<\/span>\t        <h3 class=\"main-head\">Les prestations ou produits de l'AMAT-CI<\/h3>\t    <\/div>\r\n\t    \t\t\t\t<\/div>\n\t\t\t\t<\/div>\n\t\t\t\t\t<\/div>\n\t\t<\/div>\n\t\t\t\t<div class=\"elementor-column elementor-col-33 elementor-inner-column elementor-element elementor-element-40e4f84 ot-flex-column-vertical\" data-id=\"40e4f84\" data-element_type=\"column\">\n\t\t\t<div class=\"elementor-widget-wrap\">\n\t\t\t\t\t\t\t<\/div>\n\t\t<\/div>\n\t\t\t\t\t<\/div>\n\t\t<\/section>\n\t\t\t\t<section class=\"elementor-section elementor-inner-section elementor-element elementor-element-33cde09 elementor-section-full_width elementor-section-height-default elementor-section-height-default\" data-id=\"33cde09\" data-element_type=\"section\">\n\t\t\t\t\t\t<div class=\"elementor-container elementor-column-gap-extended\">\n\t\t\t\t\t<div class=\"elementor-column elementor-col-50 elementor-inner-column elementor-element elementor-element-99d507e ot-flex-column-vertical\" data-id=\"99d507e\" data-element_type=\"column\">\n\t\t\t<div class=\"elementor-widget-wrap elementor-element-populated\">\n\t\t\t\t\t\t<div class=\"elementor-element elementor-element-8bc24d4 elementor-widget elementor-widget-iimage_box\" data-id=\"8bc24d4\" data-element_type=\"widget\" data-widget_type=\"iimage_box.default\">\n\t\t\t\t<div class=\"elementor-widget-container\">\n\t\t\t\t\t\r\n\t\t<div class=\"ot-image-box\">\r\n\t\t\t<a href=\"https:\/\/amatci.tresor.gouv.ci\/index.php\/nos-prestations\/la-couverture-maladie-maternite\/\"><img fetchpriority=\"high\" decoding=\"async\" width=\"1920\" height=\"1280\" src=\"https:\/\/amatci.tresor.gouv.ci\/wp-content\/uploads\/2026\/04\/carnet-1.jpg\" class=\"attachment-full size-full wp-image-3269\" alt=\"\" srcset=\"https:\/\/amatci.tresor.gouv.ci\/wp-content\/uploads\/2026\/04\/carnet-1.jpg 1920w, https:\/\/amatci.tresor.gouv.ci\/wp-content\/uploads\/2026\/04\/carnet-1-300x200.jpg 300w, https:\/\/amatci.tresor.gouv.ci\/wp-content\/uploads\/2026\/04\/carnet-1-1024x683.jpg 1024w, https:\/\/amatci.tresor.gouv.ci\/wp-content\/uploads\/2026\/04\/carnet-1-768x512.jpg 768w, https:\/\/amatci.tresor.gouv.ci\/wp-content\/uploads\/2026\/04\/carnet-1-1536x1024.jpg 1536w, https:\/\/amatci.tresor.gouv.ci\/wp-content\/uploads\/2026\/04\/carnet-1-600x400.jpg 600w\" sizes=\"(max-width: 1920px) 100vw, 1920px\" \/><\/a>\t\t\t<div class=\"content-box\">\r\n\t\t\t\t<h5 class=\"title-box\"><a href=\"https:\/\/amatci.tresor.gouv.ci\/index.php\/nos-prestations\/la-couverture-maladie-maternite\/\">La Couverture Maladie-Maternit\u00e9<\/a><\/h5>\t\t\t\t<p>L\u2019AMAT-CI garantit les risques ci-apr\u00e8s : la maladie, la maternit\u00e9 ; les soins des accident\u00e9s ; les actes de sp\u00e9cialit\u00e9 <\/p>\t\t\t<\/div>\r\n\t\t\t<a href=\"https:\/\/amatci.tresor.gouv.ci\/index.php\/nos-prestations\/la-couverture-maladie-maternite\/\" class=\"link-box font-second\"><span>Voir Plus<\/span><i class=\"ot-flaticon-trajectory\"><\/i><\/a>\t    <\/div>\r\n\r\n\t    \t\t\t\t<\/div>\n\t\t\t\t<\/div>\n\t\t\t\t\t<\/div>\n\t\t<\/div>\n\t\t\t\t<div class=\"elementor-column elementor-col-50 elementor-inner-column elementor-element elementor-element-beb742d ot-flex-column-vertical\" data-id=\"beb742d\" data-element_type=\"column\">\n\t\t\t<div class=\"elementor-widget-wrap elementor-element-populated\">\n\t\t\t\t\t\t<div class=\"elementor-element elementor-element-3c860b2 elementor-widget elementor-widget-iimage_box\" data-id=\"3c860b2\" data-element_type=\"widget\" data-widget_type=\"iimage_box.default\">\n\t\t\t\t<div class=\"elementor-widget-container\">\n\t\t\t\t\t\r\n\t\t<div class=\"ot-image-box\">\r\n\t\t\t<a href=\"https:\/\/amatci.tresor.gouv.ci\/index.php\/nos-prestations\/amat-ci-sante-du-retraite\/\"><img decoding=\"async\" width=\"1920\" height=\"806\" src=\"https:\/\/amatci.tresor.gouv.ci\/wp-content\/uploads\/2026\/04\/215A5062-scaled-e1777295524624.jpg\" class=\"attachment-full size-full wp-image-3254\" alt=\"\" srcset=\"https:\/\/amatci.tresor.gouv.ci\/wp-content\/uploads\/2026\/04\/215A5062-scaled-e1777295524624.jpg 1920w, https:\/\/amatci.tresor.gouv.ci\/wp-content\/uploads\/2026\/04\/215A5062-scaled-e1777295524624-300x126.jpg 300w, https:\/\/amatci.tresor.gouv.ci\/wp-content\/uploads\/2026\/04\/215A5062-scaled-e1777295524624-1024x430.jpg 1024w, https:\/\/amatci.tresor.gouv.ci\/wp-content\/uploads\/2026\/04\/215A5062-scaled-e1777295524624-768x322.jpg 768w, https:\/\/amatci.tresor.gouv.ci\/wp-content\/uploads\/2026\/04\/215A5062-scaled-e1777295524624-1536x645.jpg 1536w\" sizes=\"(max-width: 1920px) 100vw, 1920px\" \/><\/a>\t\t\t<div class=\"content-box\">\r\n\t\t\t\t<h5 class=\"title-box\"><a href=\"https:\/\/amatci.tresor.gouv.ci\/index.php\/nos-prestations\/amat-ci-sante-du-retraite\/\">Assurance Maladie du Retrait\u00e9\n<\/a><\/h5>\t\t\t\t<p>Les retrait\u00e9s du Tr\u00e9sor et leurs conjoint(e)s l\u00e9gaux (les) b\u00e9n\u00e9ficient d'une couverture m\u00e9dicale \u00e0 90%. <\/p>\t\t\t<\/div>\r\n\t\t\t<a href=\"https:\/\/amatci.tresor.gouv.ci\/index.php\/nos-prestations\/amat-ci-sante-du-retraite\/\" class=\"link-box font-second\"><span>Voir Plus<\/span><i class=\"ot-flaticon-trajectory\"><\/i><\/a>\t    <\/div>\r\n\r\n\t    \t\t\t\t<\/div>\n\t\t\t\t<\/div>\n\t\t\t\t\t<\/div>\n\t\t<\/div>\n\t\t\t\t\t<\/div>\n\t\t<\/section>\n\t\t\t\t<section class=\"elementor-section elementor-inner-section elementor-element elementor-element-ec9ed31 elementor-section-full_width elementor-section-height-default elementor-section-height-default\" data-id=\"ec9ed31\" data-element_type=\"section\" data-settings=\"{&quot;background_background&quot;:&quot;classic&quot;}\">\n\t\t\t\t\t\t<div class=\"elementor-container elementor-column-gap-extended\">\n\t\t\t\t\t<div class=\"elementor-column elementor-col-50 elementor-inner-column elementor-element elementor-element-6dc6dd7 elementor-hidden-tablet elementor-hidden-phone ot-flex-column-vertical\" data-id=\"6dc6dd7\" data-element_type=\"column\">\n\t\t\t<div class=\"elementor-widget-wrap elementor-element-populated\">\n\t\t\t\t\t\t<div class=\"elementor-element elementor-element-7a91f5f elementor-widget elementor-widget-iimage_box\" data-id=\"7a91f5f\" data-element_type=\"widget\" data-widget_type=\"iimage_box.default\">\n\t\t\t\t<div class=\"elementor-widget-container\">\n\t\t\t\t\t\r\n\t\t<div class=\"ot-image-box\">\r\n\t\t\t<a href=\"https:\/\/amatci.tresor.gouv.ci\/index.php\/nos-prestations\/le-fonds-de-secours-medical\/\"><img decoding=\"async\" width=\"2048\" height=\"1367\" src=\"https:\/\/amatci.tresor.gouv.ci\/wp-content\/uploads\/2026\/04\/image_vert.png\" class=\"attachment-full size-full wp-image-2976\" alt=\"\" srcset=\"https:\/\/amatci.tresor.gouv.ci\/wp-content\/uploads\/2026\/04\/image_vert.png 2048w, https:\/\/amatci.tresor.gouv.ci\/wp-content\/uploads\/2026\/04\/image_vert-300x200.png 300w, https:\/\/amatci.tresor.gouv.ci\/wp-content\/uploads\/2026\/04\/image_vert-1024x684.png 1024w, https:\/\/amatci.tresor.gouv.ci\/wp-content\/uploads\/2026\/04\/image_vert-768x513.png 768w, https:\/\/amatci.tresor.gouv.ci\/wp-content\/uploads\/2026\/04\/image_vert-1536x1025.png 1536w, https:\/\/amatci.tresor.gouv.ci\/wp-content\/uploads\/2026\/04\/image_vert-600x400.png 600w\" sizes=\"(max-width: 2048px) 100vw, 2048px\" \/><\/a>\t\t\t<div class=\"content-box\">\r\n\t\t\t\t<h5 class=\"title-box\"><a href=\"https:\/\/amatci.tresor.gouv.ci\/index.php\/nos-prestations\/le-fonds-de-secours-medical\/\">Fonds De Secours M\u00e9dical\n<\/a><\/h5>\t\t\t\t<p>Le Fonds de secours m\u00e9dical est un fonds sp\u00e9cial destin\u00e9 \u00e0 la prise en charge des soins m\u00e9dicaux exceptionnels<\/p>\t\t\t<\/div>\r\n\t\t\t<a href=\"https:\/\/amatci.tresor.gouv.ci\/index.php\/nos-prestations\/le-fonds-de-secours-medical\/\" class=\"link-box font-second\"><span>Voir Plus<\/span><i class=\"ot-flaticon-trajectory\"><\/i><\/a>\t    <\/div>\r\n\r\n\t    \t\t\t\t<\/div>\n\t\t\t\t<\/div>\n\t\t\t\t\t<\/div>\n\t\t<\/div>\n\t\t\t\t<div class=\"elementor-column elementor-col-50 elementor-inner-column elementor-element elementor-element-5df37f4 ot-flex-column-vertical\" data-id=\"5df37f4\" data-element_type=\"column\">\n\t\t\t<div class=\"elementor-widget-wrap elementor-element-populated\">\n\t\t\t\t\t\t<div class=\"elementor-element elementor-element-1cb357c elementor-widget elementor-widget-iimage_box\" data-id=\"1cb357c\" data-element_type=\"widget\" data-widget_type=\"iimage_box.default\">\n\t\t\t\t<div class=\"elementor-widget-container\">\n\t\t\t\t\t\r\n\t\t<div class=\"ot-image-box\">\r\n\t\t\t<a href=\"https:\/\/amatci.tresor.gouv.ci\/index.php\/nos-prestations\/deces-et-frais-funeraires\/\"><img loading=\"lazy\" decoding=\"async\" width=\"1920\" height=\"1281\" src=\"https:\/\/amatci.tresor.gouv.ci\/wp-content\/uploads\/2025\/07\/vue-de-face-de-bougies-blanches-avec-fleur-rouge-sur-mur-sombre.jpg\" class=\"attachment-full size-full wp-image-1949\" alt=\"\" srcset=\"https:\/\/amatci.tresor.gouv.ci\/wp-content\/uploads\/2025\/07\/vue-de-face-de-bougies-blanches-avec-fleur-rouge-sur-mur-sombre.jpg 1920w, https:\/\/amatci.tresor.gouv.ci\/wp-content\/uploads\/2025\/07\/vue-de-face-de-bougies-blanches-avec-fleur-rouge-sur-mur-sombre-300x200.jpg 300w, https:\/\/amatci.tresor.gouv.ci\/wp-content\/uploads\/2025\/07\/vue-de-face-de-bougies-blanches-avec-fleur-rouge-sur-mur-sombre-1024x683.jpg 1024w, https:\/\/amatci.tresor.gouv.ci\/wp-content\/uploads\/2025\/07\/vue-de-face-de-bougies-blanches-avec-fleur-rouge-sur-mur-sombre-768x512.jpg 768w, https:\/\/amatci.tresor.gouv.ci\/wp-content\/uploads\/2025\/07\/vue-de-face-de-bougies-blanches-avec-fleur-rouge-sur-mur-sombre-1536x1025.jpg 1536w, https:\/\/amatci.tresor.gouv.ci\/wp-content\/uploads\/2025\/07\/vue-de-face-de-bougies-blanches-avec-fleur-rouge-sur-mur-sombre-600x400.jpg 600w\" sizes=\"(max-width: 1920px) 100vw, 1920px\" \/><\/a>\t\t\t<div class=\"content-box\">\r\n\t\t\t\t<h5 class=\"title-box\"><a href=\"https:\/\/amatci.tresor.gouv.ci\/index.php\/nos-prestations\/deces-et-frais-funeraires\/\">D\u00e9c\u00e8s Et Frais Fun\u00e9raires\n<\/a><\/h5>\t\t\t\t<p>L\u2019adh\u00e9rent cotise par trimestre 1 673 FCFA et la Direction G\u00e9n\u00e9rale 1 007 FCFA pour qu\u2019un capital d\u00e9c\u00e8s<\/p>\t\t\t<\/div>\r\n\t\t\t<a href=\"https:\/\/amatci.tresor.gouv.ci\/index.php\/nos-prestations\/deces-et-frais-funeraires\/\" class=\"link-box font-second\"><span>Voir Plus<\/span><i class=\"ot-flaticon-trajectory\"><\/i><\/a>\t    <\/div>\r\n\r\n\t    \t\t\t\t<\/div>\n\t\t\t\t<\/div>\n\t\t\t\t\t<\/div>\n\t\t<\/div>\n\t\t\t\t\t<\/div>\n\t\t<\/section>\n\t\t\t\t\t<\/div>\n\t\t<\/div>\n\t\t\t\t\t<\/div>\n\t\t<\/section>\n\t\t\t\t<section class=\"elementor-section elementor-top-section elementor-element elementor-element-90d2292 elementor-section-boxed elementor-section-height-default elementor-section-height-default\" data-id=\"90d2292\" data-element_type=\"section\" data-settings=\"{&quot;background_background&quot;:&quot;classic&quot;}\">\n\t\t\t\t\t\t<div class=\"elementor-container elementor-column-gap-extended\">\n\t\t\t\t\t<div class=\"elementor-column elementor-col-25 elementor-top-column elementor-element elementor-element-2013631 ot-flex-column-vertical\" data-id=\"2013631\" data-element_type=\"column\">\n\t\t\t<div class=\"elementor-widget-wrap elementor-element-populated\">\n\t\t\t\t\t\t<div class=\"elementor-element elementor-element-5ca2cfd number-left elementor-widget elementor-widget-icounter\" data-id=\"5ca2cfd\" data-element_type=\"widget\" data-widget_type=\"icounter.default\">\n\t\t\t\t<div class=\"elementor-widget-container\">\n\t\t\t\t\t    \t<div class=\"ot-counter icounter\" data-counter=\"71\">\r\n        \t<div class=\"c-number\">\r\n        \t\t<span class=\"num\" data-to=\"71\" data-time= \"2000\"><\/span>        \t<\/div>\r\n        \t<h6>Hopitaux <\/h6>      \t\t\t\t        \r\n\t    <\/div>\r\n\t    \t\t\t\t<\/div>\n\t\t\t\t<\/div>\n\t\t\t\t\t<\/div>\n\t\t<\/div>\n\t\t\t\t<div class=\"elementor-column elementor-col-25 elementor-top-column elementor-element elementor-element-b059459 ot-flex-column-vertical\" data-id=\"b059459\" data-element_type=\"column\">\n\t\t\t<div class=\"elementor-widget-wrap elementor-element-populated\">\n\t\t\t\t\t\t<div class=\"elementor-element elementor-element-ecb39a0 number-left elementor-widget elementor-widget-icounter\" data-id=\"ecb39a0\" data-element_type=\"widget\" data-widget_type=\"icounter.default\">\n\t\t\t\t<div class=\"elementor-widget-container\">\n\t\t\t\t\t    \t<div class=\"ot-counter icounter\" data-counter=\"153\">\r\n        \t<div class=\"c-number\">\r\n        \t\t<span class=\"num\" data-to=\"153\" data-time= \"2000\"><\/span>        \t<\/div>\r\n        \t<h6>Cliniques<\/h6>      \t\t\t\t        \r\n\t    <\/div>\r\n\t    \t\t\t\t<\/div>\n\t\t\t\t<\/div>\n\t\t\t\t\t<\/div>\n\t\t<\/div>\n\t\t\t\t<div class=\"elementor-column elementor-col-25 elementor-top-column elementor-element elementor-element-717b465 ot-flex-column-vertical\" data-id=\"717b465\" data-element_type=\"column\">\n\t\t\t<div class=\"elementor-widget-wrap elementor-element-populated\">\n\t\t\t\t\t\t<div class=\"elementor-element elementor-element-1300831 number-left elementor-widget elementor-widget-icounter\" data-id=\"1300831\" data-element_type=\"widget\" data-widget_type=\"icounter.default\">\n\t\t\t\t<div class=\"elementor-widget-container\">\n\t\t\t\t\t    \t<div class=\"ot-counter icounter\" data-counter=\"34\">\r\n        \t<div class=\"c-number\">\r\n        \t\t<span class=\"num\" data-to=\"34\" data-time= \"2000\"><\/span>        \t<\/div>\r\n        \t<h6>Cabinet <br>dentaires<\/h6>      \t\t\t\t        \r\n\t    <\/div>\r\n\t    \t\t\t\t<\/div>\n\t\t\t\t<\/div>\n\t\t\t\t\t<\/div>\n\t\t<\/div>\n\t\t\t\t<div class=\"elementor-column elementor-col-25 elementor-top-column elementor-element elementor-element-844d1dc ot-flex-column-vertical\" data-id=\"844d1dc\" data-element_type=\"column\">\n\t\t\t<div class=\"elementor-widget-wrap elementor-element-populated\">\n\t\t\t\t\t\t<div class=\"elementor-element elementor-element-26e2db6 number-left elementor-widget elementor-widget-icounter\" data-id=\"26e2db6\" data-element_type=\"widget\" data-widget_type=\"icounter.default\">\n\t\t\t\t<div class=\"elementor-widget-container\">\n\t\t\t\t\t    \t<div class=\"ot-counter icounter\" data-counter=\"340\">\r\n        \t<div class=\"c-number\">\r\n        \t\t<span class=\"num\" data-to=\"340\" data-time= \"2000\"><\/span>        \t<\/div>\r\n        \t<h6>Pharmacies<\/h6>      \t\t\t\t        \r\n\t    <\/div>\r\n\t    \t\t\t\t<\/div>\n\t\t\t\t<\/div>\n\t\t\t\t\t<\/div>\n\t\t<\/div>\n\t\t\t\t\t<\/div>\n\t\t<\/section>\n\t\t\t\t<\/div>\n\t\t","protected":false},"excerpt":{"rendered":"<p>AMAT-CI Les prestations ou produits de l&rsquo;AMAT-CI La Couverture Maladie-Maternit\u00e9 L\u2019AMAT-CI garantit les risques ci-apr\u00e8s : la maladie, la maternit\u00e9 ; les soins des accident\u00e9s ; les actes de sp\u00e9cialit\u00e9 Voir Plus Assurance Maladie du Retrait\u00e9 Les retrait\u00e9s du Tr\u00e9sor et leurs conjoint(e)s l\u00e9gaux (les) b\u00e9n\u00e9ficient d&rsquo;une couverture m\u00e9dicale \u00e0 90%. Voir Plus Fonds De [&hellip;]<\/p>\n","protected":false},"author":1,"featured_media":0,"parent":0,"menu_order":0,"comment_status":"closed","ping_status":"closed","template":"","meta":{"footnotes":""},"class_list":["post-868","page","type-page","status-publish","hentry"],"_links":{"self":[{"href":"https:\/\/amatci.tresor.gouv.ci\/index.php\/wp-json\/wp\/v2\/pages\/868","targetHints":{"allow":["GET"]}}],"collection":[{"href":"https:\/\/amatci.tresor.gouv.ci\/index.php\/wp-json\/wp\/v2\/pages"}],"about":[{"href":"https:\/\/amatci.tresor.gouv.ci\/index.php\/wp-json\/wp\/v2\/types\/page"}],"author":[{"embeddable":true,"href":"https:\/\/amatci.tresor.gouv.ci\/index.php\/wp-json\/wp\/v2\/users\/1"}],"replies":[{"embeddable":true,"href":"https:\/\/amatci.tresor.gouv.ci\/index.php\/wp-json\/wp\/v2\/comments?post=868"}],"version-history":[{"count":46,"href":"https:\/\/amatci.tresor.gouv.ci\/index.php\/wp-json\/wp\/v2\/pages\/868\/revisions"}],"predecessor-version":[{"id":3282,"href":"https:\/\/amatci.tresor.gouv.ci\/index.php\/wp-json\/wp\/v2\/pages\/868\/revisions\/3282"}],"wp:attachment":[{"href":"https:\/\/amatci.tresor.gouv.ci\/index.php\/wp-json\/wp\/v2\/media?parent=868"}],"curies":[{"name":"wp","href":"https:\/\/api.w.org\/{rel}","templated":true}]}}