{"id":127,"date":"2025-07-07T12:52:22","date_gmt":"2025-07-07T12:52:22","guid":{"rendered":"https:\/\/amatci.tresor.gouv.ci\/structure\/home-2\/"},"modified":"2026-04-28T15:24:59","modified_gmt":"2026-04-28T15:24:59","slug":"home-2","status":"publish","type":"page","link":"https:\/\/amatci.tresor.gouv.ci\/structure\/","title":{"rendered":"Home"},"content":{"rendered":"\t\t<div data-elementor-type=\"wp-page\" data-elementor-id=\"127\" class=\"elementor elementor-127\">\n\t\t\t\t\t\t<section class=\"elementor-section elementor-top-section elementor-element elementor-element-2woam06 elementor-section-height-min-height elementor-section-content-middle elementor-section-boxed elementor-section-height-default elementor-section-items-middle\" data-id=\"2woam06\" data-element_type=\"section\" data-settings=\"{&quot;background_background&quot;:&quot;classic&quot;}\">\n\t\t\t\t\t\t\t<div class=\"elementor-background-overlay\"><\/div>\n\t\t\t\t\t\t\t<div class=\"elementor-container elementor-column-gap-no\">\n\t\t\t\t\t<div class=\"elementor-column elementor-col-100 elementor-top-column elementor-element elementor-element-9b1306f\" data-id=\"9b1306f\" data-element_type=\"column\">\n\t\t\t<div class=\"elementor-widget-wrap elementor-element-populated\">\n\t\t\t\t\t\t<div class=\"elementor-element elementor-element-cc73ae3 elementor-widget elementor-widget-heading\" data-id=\"cc73ae3\" data-element_type=\"widget\" data-widget_type=\"heading.default\">\n\t\t\t\t<div class=\"elementor-widget-container\">\n\t\t\t\t\t<h2 class=\"elementor-heading-title elementor-size-default\">Le R\u00e9seau de sant\u00e9 de l'AMAT-CI<\/h2>\t\t\t\t<\/div>\n\t\t\t\t<\/div>\n\t\t\t\t<div class=\"elementor-element elementor-element-b3f1925 elementor-widget elementor-widget-heading\" data-id=\"b3f1925\" data-element_type=\"widget\" data-widget_type=\"heading.default\">\n\t\t\t\t<div class=\"elementor-widget-container\">\n\t\t\t\t\t<h2 class=\"elementor-heading-title elementor-size-default\">Trouvez nos structures conventionn\u00e9es  en un simple clic !<\/h2>\t\t\t\t<\/div>\n\t\t\t\t<\/div>\n\t\t\t\t<div class=\"elementor-element elementor-element-1ad38d2 elementor-widget elementor-widget-shortcode\" data-id=\"1ad38d2\" data-element_type=\"widget\" data-widget_type=\"shortcode.default\">\n\t\t\t\t<div class=\"elementor-widget-container\">\n\t\t\t\t\t\t\t<div class=\"elementor-shortcode\">\r\n<div class=\"mylisting-basic-form text-center\" :class=\"tabMode==='dark'?'featured-light':tabMode\"\r\n\tdata-listing-types=\"{&quot;place&quot;:{&quot;id&quot;:140,&quot;name&quot;:&quot;R\\u00e9gion d&#039;Abidjan&quot;,&quot;icon&quot;:&quot;\\t\\t\\t&lt;i class=\\&quot;icon-building-6\\&quot;&gt;&lt;\\\/i&gt;\\r\\n\\t\\t&quot;,&quot;slug&quot;:&quot;place&quot;,&quot;filters&quot;:{&quot;region&quot;:&quot;&quot;,&quot;category&quot;:&quot;&quot;},&quot;submit_to&quot;:&quot;&quot;},&quot;event&quot;:{&quot;id&quot;:141,&quot;name&quot;:&quot;R\\u00e9gions de l&#039;int\\u00e9rieur&quot;,&quot;icon&quot;:&quot;\\t\\t\\t&lt;i class=\\&quot;mi landscape\\&quot;&gt;&lt;\\\/i&gt;\\r\\n\\t\\t&quot;,&quot;slug&quot;:&quot;event&quot;,&quot;filters&quot;:{&quot;region&quot;:&quot;&quot;,&quot;category&quot;:&quot;&quot;},&quot;submit_to&quot;:&quot;&quot;}}\"\r\n\tdata-config=\"{&quot;form_id&quot;:&quot;sform-ENN8w&quot;,&quot;tabs_mode&quot;:&quot;transparent&quot;,&quot;types_display&quot;:&quot;tabs&quot;,&quot;box_shadow&quot;:true,&quot;target_url&quot;:&quot;https:\\\/\\\/amatci.tresor.gouv.ci\\\/structure\\\/explore-alternate&quot;}\"\r\n\tv-cloak>\r\n\t<div class=\"featured-search wide\">\r\n\t\t<div class=\"fs-tabs\">\r\n\t\t\t\t\t\t\t<ul class=\"nav nav-tabs cts-carousel no-list-style\" role=\"tablist\">\r\n\t\t\t\t\t<li v-for=\"listingType, key in types\" role=\"presentation\" :class=\"activeType.id===listingType.id?'active':''\">\r\n\t\t\t\t\t\t<a role=\"tab\" @click=\"activeType=listingType\">\r\n\t\t\t\t\t\t\t<div class=\"lt-icon\" v-html=\"listingType.icon\"><\/div>\r\n\t\t\t\t\t\t\t{{ listingType.name }}\r\n\t\t\t\t\t\t<\/a>\r\n\t\t\t\t\t<\/li>\r\n\t\t\t\t\t<li role=\"presentation\" class=\"cts-prev\">prev<\/li>\r\n\t\t\t\t\t<li role=\"presentation\" class=\"cts-next\">next<\/li>\r\n\t\t\t\t<\/ul>\r\n\t\t\t\r\n\t\t\t<div class=\"tab-content\" :class=\"boxShadow?'add-box-shadow':''\">\r\n\t\t\t\t\t\t\t\t\t<div role=\"tabpanel\" class=\"tab-pane fade in filter-count-3\"\r\n\t\t\t\t\t\t:class=\"activeType.id===140?'active':''\">\r\n\r\n\t\t\t\t\t\t<form method=\"GET\">\r\n\t\t\t\t\t\t\t\r\n\t\t\t\t\t\t\t\t\t\t\t\t\t\t\t\t\t\t\t\t\t\t\t\r\n<dropdown-hierarchy-filter\r\n    listing-type=\"place\"\r\n    filter-key=\"region\"\r\n    location=\"basic-form\"\r\n    label=\"Les communes\"\r\n    pre-selected=\"[]\"\r\n    ajax-params=\"{&quot;taxonomy&quot;:&quot;region&quot;,&quot;listing-type-id&quot;:140,&quot;orderby&quot;:&quot;count&quot;,&quot;order&quot;:&quot;DESC&quot;,&quot;hide_empty&quot;:&quot;yes&quot;,&quot;term-value&quot;:&quot;slug&quot;,&quot;parent&quot;:0}\"\r\n    @input=\"filterChanged\"\r\n    inline-template\r\n>\r\n    <div class=\"cts-term-hierarchy form-group md-group\">\r\n        <input type=\"text\" required ref=\"input\" data-placeholder=\" \"\r\n            class=\"hide\"\r\n            :data-template=\"location==='advanced-form'?'default':'alternate'\"\r\n            :data-selected=\"preSelected\"\r\n            :data-mylisting-ajax-params=\"ajaxParams\"\r\n            @termhierarchy:change=\"handleChange\"\r\n        >\r\n        <label>{{label}}<\/label>\r\n    <\/div>\r\n<\/dropdown-hierarchy-filter>\t\t\t\t\t\t\t\t\t\t\t\t\t\t\t\t\t\t\t\t\t\t\t\r\n<dropdown-hierarchy-filter\r\n    listing-type=\"place\"\r\n    filter-key=\"category\"\r\n    location=\"basic-form\"\r\n    label=\"L&#039;\u00e9tablissement\"\r\n    pre-selected=\"[]\"\r\n    ajax-params=\"{&quot;taxonomy&quot;:&quot;job_listing_category&quot;,&quot;listing-type-id&quot;:140,&quot;orderby&quot;:&quot;name&quot;,&quot;order&quot;:&quot;DESC&quot;,&quot;hide_empty&quot;:&quot;yes&quot;,&quot;term-value&quot;:&quot;slug&quot;}\"\r\n    @input=\"filterChanged\"\r\n    inline-template\r\n>\r\n    <div class=\"cts-term-hierarchy form-group md-group\">\r\n        <input type=\"text\" required ref=\"input\" data-placeholder=\" \"\r\n            class=\"hide\"\r\n            :data-template=\"location==='advanced-form'?'default':'alternate'\"\r\n            :data-selected=\"preSelected\"\r\n            :data-mylisting-ajax-params=\"ajaxParams\"\r\n            @termhierarchy:change=\"handleChange\"\r\n        >\r\n        <label>{{label}}<\/label>\r\n    <\/div>\r\n<\/dropdown-hierarchy-filter>\t\t\t\t\t\t\t\r\n\t\t\t\t\t\t\t<div class=\"form-group\">\r\n\t\t\t\t\t\t\t\t<button class=\"buttons button-2 search\" @click.prevent=\"submit\">\r\n\t\t\t\t\t\t\t\t\t<i class=\"mi search\"><\/i>\r\n\t\t\t\t\t\t\t\t\tRecherche\t\t\t\t\t\t\t\t<\/button>\r\n\t\t\t\t\t\t\t<\/div>\r\n\t\t\t\t\t\t<\/form>\r\n\t\t\t\t\t<\/div>\r\n\t\t\t\t\t\t\t\t\t<div role=\"tabpanel\" class=\"tab-pane fade in filter-count-3\"\r\n\t\t\t\t\t\t:class=\"activeType.id===141?'active':''\">\r\n\r\n\t\t\t\t\t\t<form method=\"GET\">\r\n\t\t\t\t\t\t\t\r\n\t\t\t\t\t\t\t\t\t\t\t\t\t\t\t\t\t\t\t\t\t\t\t\r\n<dropdown-hierarchy-filter\r\n    listing-type=\"event\"\r\n    filter-key=\"region\"\r\n    location=\"basic-form\"\r\n    label=\"Communes\"\r\n    pre-selected=\"[]\"\r\n    ajax-params=\"{&quot;taxonomy&quot;:&quot;region&quot;,&quot;listing-type-id&quot;:141,&quot;orderby&quot;:&quot;count&quot;,&quot;order&quot;:&quot;DESC&quot;,&quot;hide_empty&quot;:&quot;yes&quot;,&quot;term-value&quot;:&quot;slug&quot;,&quot;parent&quot;:0}\"\r\n    @input=\"filterChanged\"\r\n    inline-template\r\n>\r\n    <div class=\"cts-term-hierarchy form-group md-group\">\r\n        <input type=\"text\" required ref=\"input\" data-placeholder=\" \"\r\n            class=\"hide\"\r\n            :data-template=\"location==='advanced-form'?'default':'alternate'\"\r\n            :data-selected=\"preSelected\"\r\n            :data-mylisting-ajax-params=\"ajaxParams\"\r\n            @termhierarchy:change=\"handleChange\"\r\n        >\r\n        <label>{{label}}<\/label>\r\n    <\/div>\r\n<\/dropdown-hierarchy-filter>\t\t\t\t\t\t\t\t\t\t\t\t\t\t\t\t\t\t\t\t\t\t\t\r\n<dropdown-hierarchy-filter\r\n    listing-type=\"event\"\r\n    filter-key=\"category\"\r\n    location=\"basic-form\"\r\n    label=\"L&#039;\u00e9tablissement\"\r\n    pre-selected=\"[]\"\r\n    ajax-params=\"{&quot;taxonomy&quot;:&quot;job_listing_category&quot;,&quot;listing-type-id&quot;:141,&quot;orderby&quot;:&quot;name&quot;,&quot;order&quot;:&quot;DESC&quot;,&quot;hide_empty&quot;:&quot;yes&quot;,&quot;term-value&quot;:&quot;slug&quot;}\"\r\n    @input=\"filterChanged\"\r\n    inline-template\r\n>\r\n    <div class=\"cts-term-hierarchy form-group md-group\">\r\n        <input type=\"text\" required ref=\"input\" data-placeholder=\" \"\r\n            class=\"hide\"\r\n            :data-template=\"location==='advanced-form'?'default':'alternate'\"\r\n            :data-selected=\"preSelected\"\r\n            :data-mylisting-ajax-params=\"ajaxParams\"\r\n            @termhierarchy:change=\"handleChange\"\r\n        >\r\n        <label>{{label}}<\/label>\r\n    <\/div>\r\n<\/dropdown-hierarchy-filter>\t\t\t\t\t\t\t\r\n\t\t\t\t\t\t\t<div class=\"form-group\">\r\n\t\t\t\t\t\t\t\t<button class=\"buttons button-2 search\" @click.prevent=\"submit\">\r\n\t\t\t\t\t\t\t\t\t<i class=\"mi search\"><\/i>\r\n\t\t\t\t\t\t\t\t\tRecherche\t\t\t\t\t\t\t\t<\/button>\r\n\t\t\t\t\t\t\t<\/div>\r\n\t\t\t\t\t\t<\/form>\r\n\t\t\t\t\t<\/div>\r\n\t\t\t\t\t\t\t<\/div>\r\n\t\t<\/div>\r\n\t<\/div>\r\n<\/div>\r\n\r\n<\/div>\n\t\t\t\t\t\t<\/div>\n\t\t\t\t<\/div>\n\t\t\t\t\t<\/div>\n\t\t<\/div>\n\t\t\t\t\t<\/div>\n\t\t<\/section>\n\t\t\t\t<\/div>\n\t\t","protected":false},"excerpt":{"rendered":"<p>Le R\u00e9seau de sant\u00e9 de l&rsquo;AMAT-CI Trouvez nos structures conventionn\u00e9es en un simple clic !<\/p>\n","protected":false},"author":1,"featured_media":0,"parent":0,"menu_order":0,"comment_status":"closed","ping_status":"closed","template":"","meta":{"footnotes":""},"class_list":["post-127","page","type-page","status-publish","hentry"],"acf":[],"_links":{"self":[{"href":"https:\/\/amatci.tresor.gouv.ci\/structure\/wp-json\/wp\/v2\/pages\/127","targetHints":{"allow":["GET"]}}],"collection":[{"href":"https:\/\/amatci.tresor.gouv.ci\/structure\/wp-json\/wp\/v2\/pages"}],"about":[{"href":"https:\/\/amatci.tresor.gouv.ci\/structure\/wp-json\/wp\/v2\/types\/page"}],"author":[{"embeddable":true,"href":"https:\/\/amatci.tresor.gouv.ci\/structure\/wp-json\/wp\/v2\/users\/1"}],"replies":[{"embeddable":true,"href":"https:\/\/amatci.tresor.gouv.ci\/structure\/wp-json\/wp\/v2\/comments?post=127"}],"version-history":[{"count":99,"href":"https:\/\/amatci.tresor.gouv.ci\/structure\/wp-json\/wp\/v2\/pages\/127\/revisions"}],"predecessor-version":[{"id":667,"href":"https:\/\/amatci.tresor.gouv.ci\/structure\/wp-json\/wp\/v2\/pages\/127\/revisions\/667"}],"wp:attachment":[{"href":"https:\/\/amatci.tresor.gouv.ci\/structure\/wp-json\/wp\/v2\/media?parent=127"}],"curies":[{"name":"wp","href":"https:\/\/api.w.org\/{rel}","templated":true}]}}